{"id":12746,"date":"2016-03-21T23:38:43","date_gmt":"2016-03-22T03:38:43","guid":{"rendered":"https:\/\/www.inesad.edu.bo\/johnny-suxo\/"},"modified":"2016-03-21T23:38:43","modified_gmt":"2016-03-21T23:38:43","slug":"johnny-suxo","status":"publish","type":"page","link":"https:\/\/www.inesad.edu.bo\/en\/johnny-suxo\/","title":{"rendered":"Johnny Suxo"},"content":{"rendered":"<section class=\"wpb-content-wrapper\">[vc_row][vc_column width=&#8221;1\/4&#8243;][vc_single_image image=&#8221;2251&#8243; img_size=&#8221;700&#215;700&#8243; style=&#8221;vc_box_rounded&#8221; css_animation=&#8221;top-to-bottom&#8221;][\/vc_column][vc_column width=&#8221;3\/4&#8243;][vc_column_text css_animation=&#8221;right-to-left&#8221;]Johnny participated in the doctorate program of the Bolivian Private University and the master program in Development Economics of the Higher University of San Andr\u00e9s. He also holds a degree in Economics from the Catholic University of Bolivia. Johnny has a specialization in Nacional Accounts from the International Monetary Fund, Washington, USA and the European Centre for the Development of National Statistics in Development in Madrid, Spain.<\/p>\n<p>Before INESAD he worked as chief executive officer, national accounts director, chief of macro-economic synthesis, chief of the department for economic forecasts and regional accounts, chief of the statistics division and external-sector indicators at the National Statistical Institute (INE).<\/p>\n<p>Fue Director General Ejecutivo, Director\u00a0de Cuentas Nacionales, Jefe de Departamento de S\u00edntesis Macroecon\u00f3mica, Jefe de Departamento de Previsiones Macroecon\u00f3micas y Cuentas Regionales y Jefe de Divisi\u00f3n de Estad\u00edsticas e Indicadores del Sector Externo en el Instituto Nacional de Estad\u00edstica (INE).[\/vc_column_text][\/vc_column][\/vc_row][vc_row][vc_column][vc_separator][\/vc_column][\/vc_row][vc_row][vc_column width=&#8221;1\/3&#8243;][\/vc_column][vc_column width=&#8221;1\/3&#8243;][vc_text_separator title=&#8221;Contact&#8221; title_align=&#8221;separator_align_left&#8221;][vc_column_text css=&#8221;.vc_custom_1458603542312{padding-top: 10px !important;padding-right: 20px !important;padding-bottom: 10px !important;padding-left: 20px !important;background-color: #d8d8d8 !important;border-radius: 5px !important;}&#8221;]<strong>Tel\u00e9fono:\u00a0<\/strong>+ 591\u00a076214200<strong><br \/>\n<strong>Email:\u00a0<\/strong><\/strong>jsuxo@inesad.edu.bo\/web<strong><br \/>\n<strong>Correo Alternativo:<\/strong><\/strong>suxosuxo@gmail.com[\/vc_column_text][vc_column_text]\n<p style=\"text-align: center;\"><a href=\"#\" target=\"_blank\" class=\"shortc-button medium green \"><i class=\"fa fa-file-image-o \"><\/i>DOWNLOAD PHOTO<\/a>\n[\/vc_column_text][\/vc_column][vc_column width=&#8221;1\/3&#8243;][vc_raw_html]JTNDYSUyMGNsYXNzJTNEJTIydHdpdHRlci10aW1lbGluZSUyMiUyMGhyZWYlM0QlMjJodHRwcyUzQSUyRiUyRnR3aXR0ZXIuY29tJTJGSU5FU0FEQm9saXZpYSUyMiUyMGRhdGEtd2lkZ2V0LWlkJTNEJTIyNzExOTU3NDk4MjUzNTYxODU3JTIyJTNFJTQwSU5FU0FEQm9saXZpYS4lM0MlMkZhJTNFJTBBJTNDc2NyaXB0JTNFJTIxZnVuY3Rpb24lMjhkJTJDcyUyQ2lkJTI5JTdCdmFyJTIwanMlMkNmanMlM0RkLmdldEVsZW1lbnRzQnlUYWdOYW1lJTI4cyUyOSU1QjAlNUQlMkNwJTNEJTJGJTVFaHR0cCUzQSUyRi50ZXN0JTI4ZC5sb2NhdGlvbiUyOSUzRiUyN2h0dHAlMjclM0ElMjdodHRwcyUyNyUzQmlmJTI4JTIxZC5nZXRFbGVtZW50QnlJZCUyOGlkJTI5JTI5JTdCanMlM0RkLmNyZWF0ZUVsZW1lbnQlMjhzJTI5JTNCanMuaWQlM0RpZCUzQmpzLnNyYyUzRHAlMkIlMjIlM0ElMkYlMkZwbGF0Zm9ybS50d2l0dGVyLmNvbSUyRndpZGdldHMuanMlMjIlM0JmanMucGFyZW50Tm9kZS5pbnNlcnRCZWZvcmUlMjhqcyUyQ2ZqcyUyOSUzQiU3RCU3RCUyOGRvY3VtZW50JTJDJTIyc2NyaXB0JTIyJTJDJTIydHdpdHRlci13anMlMjIlMjklM0IlM0MlMkZzY3JpcHQlM0U=[\/vc_raw_html][\/vc_column][\/vc_row]\n<\/section>","protected":false},"excerpt":{"rendered":"<p>[vc_row][vc_column width=&#8221;1\/4&#8243;][vc_single_image image=&#8221;2251&#8243; img_size=&#8221;700&#215;700&#8243; style=&#8221;vc_box_rounded&#8221; css_animation=&#8221;top-to-bottom&#8221;][\/vc_column][vc_column width=&#8221;3\/4&#8243;][vc_column_text css_animation=&#8221;right-to-left&#8221;]Johnny participated in the doctorate program of the Bolivian Private University and the master program in Development Economics of the Higher University of San Andr\u00e9s. He also holds a degree in Economics from the Catholic University of Bolivia. Johnny has a specialization in Nacional Accounts from the International &hellip;<\/p>\n","protected":false},"author":10,"featured_media":0,"parent":0,"menu_order":0,"comment_status":"closed","ping_status":"closed","template":"","meta":{"_acf_changed":false,"advanced_seo_description":"","jetpack_seo_html_title":"","jetpack_seo_noindex":false,"jetpack_post_was_ever_published":false,"footnotes":""},"class_list":["post-12746","page","type-page","status-publish",""],"acf":[],"jetpack_sharing_enabled":true,"jetpack_shortlink":"https:\/\/wp.me\/P9wqBX-3jA","_links":{"self":[{"href":"https:\/\/www.inesad.edu.bo\/en\/wp-json\/wp\/v2\/pages\/12746","targetHints":{"allow":["GET"]}}],"collection":[{"href":"https:\/\/www.inesad.edu.bo\/en\/wp-json\/wp\/v2\/pages"}],"about":[{"href":"https:\/\/www.inesad.edu.bo\/en\/wp-json\/wp\/v2\/types\/page"}],"author":[{"embeddable":true,"href":"https:\/\/www.inesad.edu.bo\/en\/wp-json\/wp\/v2\/users\/10"}],"replies":[{"embeddable":true,"href":"https:\/\/www.inesad.edu.bo\/en\/wp-json\/wp\/v2\/comments?post=12746"}],"version-history":[{"count":0,"href":"https:\/\/www.inesad.edu.bo\/en\/wp-json\/wp\/v2\/pages\/12746\/revisions"}],"wp:attachment":[{"href":"https:\/\/www.inesad.edu.bo\/en\/wp-json\/wp\/v2\/media?parent=12746"}],"curies":[{"name":"wp","href":"https:\/\/api.w.org\/{rel}","templated":true}]}}