{"id":12790,"date":"2016-04-08T00:48:38","date_gmt":"2016-04-08T04:48:38","guid":{"rendered":"https:\/\/www.inesad.edu.bo\/libros\/"},"modified":"2016-04-08T00:48:38","modified_gmt":"2016-04-08T00:48:38","slug":"libros","status":"publish","type":"page","link":"https:\/\/www.inesad.edu.bo\/en\/libros\/","title":{"rendered":"Libros"},"content":{"rendered":"<section class=\"wpb-content-wrapper\">[vc_row][vc_column width=&#8221;1\/2&#8243;][vc_single_image image=&#8221;6350&#8243; alignment=&#8221;center&#8221; onclick=&#8221;custom_link&#8221; img_link_target=&#8221;_blank&#8221; css_animation=&#8221;appear&#8221; title=&#8221;<\/p>\n<h4>Global Green Accounting 2017<\/h4>\n<p>&#8221; link=&#8221;https:\/\/www.inesad.edu.bo\/global-green-accounting-2017\/&#8221;][vc_single_image image=&#8221;4408&#8243; alignment=&#8221;center&#8221; onclick=&#8221;custom_link&#8221; img_link_target=&#8221;_blank&#8221; css_animation=&#8221;appear&#8221; title=&#8221;<\/p>\n<h4>El ABC del desarrollo en Bolivia<\/h4>\n<p>&#8221; link=&#8221;https:\/\/www.inesad.edu.bo\/el-abc-del-desarrollo-en-bolivia\/&#8221;][vc_single_image image=&#8221;4410&#8243; alignment=&#8221;center&#8221; onclick=&#8221;custom_link&#8221; img_link_target=&#8221;_blank&#8221; css_animation=&#8221;appear&#8221; title=&#8221;<\/p>\n<h4>Global green accounting 2015<\/h4>\n<p>&#8221; link=&#8221;https:\/\/www.inesad.edu.bo\/global-green-accounting-2015\/&#8221;][vc_single_image image=&#8221;4412&#8243; alignment=&#8221;center&#8221; onclick=&#8221;custom_link&#8221; img_link_target=&#8221;_blank&#8221; css_animation=&#8221;appear&#8221; title=&#8221;<\/p>\n<h4>Rol y Potencialidades de La Descentralizaci\u00f3n en Educaci\u00f3n \u2013 Bolivia<\/h4>\n<p>&#8221; link=&#8221;https:\/\/www.inesad.edu.bo\/rol-y-potencialidades-de-la-descentralizacion-en-educacion-bolivia\/&#8221;][vc_single_image image=&#8221;4413&#8243; alignment=&#8221;center&#8221; onclick=&#8221;custom_link&#8221; img_link_target=&#8221;_blank&#8221; css_animation=&#8221;appear&#8221; title=&#8221;<\/p>\n<h4>Educaci\u00f3n t\u00e9cnica y producci\u00f3n en Bolivia<\/h4>\n<p>&#8221; link=&#8221;https:\/\/www.inesad.edu.bo\/educacion-tecnica-y-produccion-en-bolivia\/&#8221;][\/vc_column][vc_column width=&#8221;1\/2&#8243;][vc_single_image image=&#8221;4409&#8243; alignment=&#8221;center&#8221; onclick=&#8221;custom_link&#8221; img_link_target=&#8221;_blank&#8221; css_animation=&#8221;appear&#8221; title=&#8221;<\/p>\n<h4>La din\u00e1mica del cambio clim\u00e1tico en Bolivia<\/h4>\n<p>&#8221; link=&#8221;https:\/\/www.inesad.edu.bo\/la-dinamica-del-cambio-climatico-en-bolivia\/&#8221;][vc_single_image image=&#8221;4411&#8243; alignment=&#8221;center&#8221; onclick=&#8221;custom_link&#8221; img_link_target=&#8221;_blank&#8221; css_animation=&#8221;appear&#8221; title=&#8221;<\/p>\n<h4>Cuentas ambientales<\/h4>\n<p>&#8221; link=&#8221;https:\/\/www.inesad.edu.bo\/cuentas-ambientales\/&#8221;][vc_single_image image=&#8221;4414&#8243; alignment=&#8221;center&#8221; onclick=&#8221;custom_link&#8221; img_link_target=&#8221;_blank&#8221; css_animation=&#8221;appear&#8221; title=&#8221;<\/p>\n<h4>Factores que Inciden en El Crecimiento y El Desarrollo en Bolivia<\/h4>\n<p>&#8221; link=&#8221;https:\/\/www.inesad.edu.bo\/factores-que-inciden-en-el-crecimiento-y-el-desarrollo-en-bolivia\/&#8221;][vc_single_image image=&#8221;4415&#8243; alignment=&#8221;center&#8221; onclick=&#8221;custom_link&#8221; img_link_target=&#8221;_blank&#8221; css_animation=&#8221;appear&#8221; title=&#8221;<\/p>\n<h4>Development from within<\/h4>\n<p>&#8221; link=&#8221;https:\/\/www.inesad.edu.bo\/development-from-within\/&#8221;][\/vc_column][\/vc_row]\n<\/section>","protected":false},"excerpt":{"rendered":"<p>[vc_row][vc_column width=&#8221;1\/2&#8243;][vc_single_image image=&#8221;6350&#8243; alignment=&#8221;center&#8221; onclick=&#8221;custom_link&#8221; img_link_target=&#8221;_blank&#8221; css_animation=&#8221;appear&#8221; title=&#8221; Global Green Accounting 2017 &#8221; link=&#8221;https:\/\/www.inesad.edu.bo\/global-green-accounting-2017\/&#8221;][vc_single_image image=&#8221;4408&#8243; alignment=&#8221;center&#8221; onclick=&#8221;custom_link&#8221; img_link_target=&#8221;_blank&#8221; css_animation=&#8221;appear&#8221; title=&#8221; El ABC del desarrollo en Bolivia &#8221; link=&#8221;https:\/\/www.inesad.edu.bo\/el-abc-del-desarrollo-en-bolivia\/&#8221;][vc_single_image image=&#8221;4410&#8243; alignment=&#8221;center&#8221; onclick=&#8221;custom_link&#8221; img_link_target=&#8221;_blank&#8221; css_animation=&#8221;appear&#8221; title=&#8221; Global green accounting 2015 &#8221; link=&#8221;https:\/\/www.inesad.edu.bo\/global-green-accounting-2015\/&#8221;][vc_single_image image=&#8221;4412&#8243; alignment=&#8221;center&#8221; onclick=&#8221;custom_link&#8221; img_link_target=&#8221;_blank&#8221; css_animation=&#8221;appear&#8221; title=&#8221; Rol y Potencialidades de La Descentralizaci\u00f3n en Educaci\u00f3n \u2013 &hellip;<\/p>\n","protected":false},"author":10,"featured_media":0,"parent":0,"menu_order":0,"comment_status":"closed","ping_status":"closed","template":"","meta":{"_acf_changed":false,"advanced_seo_description":"","jetpack_seo_html_title":"","jetpack_seo_noindex":false,"jetpack_post_was_ever_published":false,"footnotes":""},"class_list":["post-12790","page","type-page","status-publish",""],"acf":[],"jetpack_sharing_enabled":true,"jetpack_shortlink":"https:\/\/wp.me\/P9wqBX-3ki","_links":{"self":[{"href":"https:\/\/www.inesad.edu.bo\/en\/wp-json\/wp\/v2\/pages\/12790","targetHints":{"allow":["GET"]}}],"collection":[{"href":"https:\/\/www.inesad.edu.bo\/en\/wp-json\/wp\/v2\/pages"}],"about":[{"href":"https:\/\/www.inesad.edu.bo\/en\/wp-json\/wp\/v2\/types\/page"}],"author":[{"embeddable":true,"href":"https:\/\/www.inesad.edu.bo\/en\/wp-json\/wp\/v2\/users\/10"}],"replies":[{"embeddable":true,"href":"https:\/\/www.inesad.edu.bo\/en\/wp-json\/wp\/v2\/comments?post=12790"}],"version-history":[{"count":0,"href":"https:\/\/www.inesad.edu.bo\/en\/wp-json\/wp\/v2\/pages\/12790\/revisions"}],"wp:attachment":[{"href":"https:\/\/www.inesad.edu.bo\/en\/wp-json\/wp\/v2\/media?parent=12790"}],"curies":[{"name":"wp","href":"https:\/\/api.w.org\/{rel}","templated":true}]}}