{"id":12850,"date":"2018-02-28T18:33:28","date_gmt":"2018-02-28T22:33:28","guid":{"rendered":"https:\/\/www.inesad.edu.bo\/executive-management\/"},"modified":"2023-12-06T21:20:45","modified_gmt":"2023-12-07T01:20:45","slug":"executive-management","status":"publish","type":"page","link":"https:\/\/www.inesad.edu.bo\/en\/executive-management\/","title":{"rendered":"Executive Management"},"content":{"rendered":"<section class=\"wpb-content-wrapper\">[vc_row][vc_column][vc_text_separator title=&#8221;Executive Director&#8221; title_align=&#8221;separator_align_left&#8221; style=&#8221;dotted&#8221; border_width=&#8221;4&#8243;][\/vc_column][\/vc_row][vc_row][vc_column width=&#8221;1\/2&#8243;][vc_column_text]<link rel=\"stylesheet\" href=\"https:\/\/www.inesad.edu.bo\/wp-content\/plugins\/indeed-my-team\/themes\/theme_4 copia\/style.css\" type=\"text\/css\" media=\"all\"><style>\n    \t\t\t\t\t\t@media only screen and (max-width: 479px) {\n    \t\t\t\t\t\t\t#indeed_carousel_view_widget_4728 ul li{\n    \t\t\t\t\t\t\t\twidth: calc(100% - 1px) !important;\n    \t\t\t\t\t\t\t}\n    \t\t\t\t\t\t}\n    \t\t\t\t\t\n    \t\t\t\t\t\t@media only screen and (min-width: 480px) and (max-width: 767px){\n    \t\t\t\t\t\t\t#indeed_carousel_view_widget_4728 ul li{\n    \t\t\t\t\t\t\t\twidth: calc(50% - 1px) !important;\n    \t\t\t\t\t\t\t}\n    \t\t\t\t\t\t}\n    \t\t\t\t\t.theme_1 .member-name span {\r\n    background-color: rgb(73, 111, 117);\r\n}\r\n.theme_4 .member-img{\r\nz-index:100;\r\n}<\/style><div class=''><div class='theme_4 copia pag-theme3'><div class='ict_wrapp'><div class='carousel_view' id='indeed_carousel_view_widget_4728' ><ul id='indeed_ul_4728_1' class=''><li style='width: calc(100% - 1px)'>\n<div class=\"team-member\">\n <a  href=\"https:\/\/www.inesad.edu.bo\/bmuriel\/\" >\n<div class=\"member-img\">\n <img decoding=\"async\" title=\"Beatriz Muriel\" src=\"https:\/\/www.inesad.edu.bo\/wp-content\/uploads\/2016\/02\/bmuriel415.jpg\" alt=\"\"\/>\n<\/div>\n<\/a>\n<div class=\"member-content\">\n<div class=\"member-name\">\nBeatriz Muriel\n<\/div>\t\n<div class=\"member-job\">\nDirectora Ejecutiva e Investigadora Senior\n <\/div>\n <div class=\"clear\"><\/div>\n<div class=\"member-social\">\n\n<\/div>\n<div class=\"member-skills-wrapper\">\n<div class=\"member-email\">\n<i class=\"glyphicont-envelope\"><\/i> <a href=\"mailto:beatriz_muriel@hotmail.com\">beatriz_muriel@hotmail.com<\/a>\n<\/div>\n<div class=\"member-web\">\n<i class=\"glyphicont-globe\"><\/i> <a href=\"http:\/\/www.inesad.edu.bo\/bmuriel\" target=\"_blank\">www.inesad.edu.bo\/bmuriel<\/a>\n<\/div>\n<div class=\"member-phone\">\n\n<\/div>\n<div class=\"member-location\">\n\n<\/div>\n    \n<\/div>\n<\/div>\n<div class=\"member-desc\">\n\n<\/div>\n<\/li><div class='clear'><\/div><\/ul><\/div><script>\n\tjQuery('.team-member').find('.fill').css('width','0%');\n\t\t\n\tjQuery(window).bind('load', function(){\t\n       jQuery('.team-member').each(function() {\t\n\t\tjQuery(this).find('.fill').each(function() {\n\t\t\t\tvar k = 0, f = jQuery(this), p = f.attr('data-progress-animation'), w = f.width();\t\t\n\t\t\t\tif (w == 0) {\n\t\t\t\t\tp = p.substring(0, p.length - 1);\n\t\t\t\t\tvar go = function() {\n\t\t\t\t\t\treturn k >= p || k>= 100 ?( false ) : ( k += 1, f.css('width', k + '%'), setTimeout(go, 1) )\n\t\t\t\t\t\t};\n\t\t\t\t\tgo();\n\t\t\t\t}\n\t\t\t});\n\t\t});\n\t});\n        <\/script><\/div><\/div><\/div>[\/vc_column_text][\/vc_column][vc_column width=&#8221;1\/2&#8243;][vc_column_text]\n<p style=\"text-align: justify;\">PhD and Master&#8217;s Degree in Economics from the Pontifical Catholic University of Rio de Janeiro (PUC-Rio), and Bachelor&#8217;s Degree in Economics from the Bolivian Catholic University &#8220;San Pablo&#8221; (UCB). In the professional field, she has held the positions of Chief Fiscal Analyst of the Fiscal Analysis Network of the Ministry of Finance, Academic Secretary of Master&#8217;s Degrees for Development at UCB and economist at UDAPE. She has also published several research papers in books, peer-reviewed journals and working papers.<\/p>\n<p style=\"text-align: justify;\">Her areas of interest are Labor Economics, International Economics, Public Sector Economics and Macroeconomics.<\/p>\n<a href=\"https:\/\/www.inesad.edu.bo\/bmuriel\" class=\"shortc-button small green \"><i class=\"fa fas fa-mouse-pointer\"><\/i>Read more<\/a>[\/vc_column_text][\/vc_column][\/vc_row][vc_row el_id=&#8221;administration&#8221;][vc_column][vc_text_separator title=&#8221;Administration and Senior Communication Team&#8221; title_align=&#8221;separator_align_left&#8221; style=&#8221;dotted&#8221; border_width=&#8221;4&#8243;][\/vc_column][\/vc_row][vc_row][vc_column width=&#8221;1\/2&#8243;][vc_column_text css_animation=&#8221;fadeIn&#8221;]<link rel=\"stylesheet\" href=\"https:\/\/www.inesad.edu.bo\/wp-content\/plugins\/indeed-my-team\/themes\/theme_4 copia\/style.css\" type=\"text\/css\" media=\"all\"><style>\n    \t\t\t\t\t\t@media only screen and (max-width: 479px) {\n    \t\t\t\t\t\t\t#indeed_carousel_view_widget_3220 ul li{\n    \t\t\t\t\t\t\t\twidth: calc(100% - 1px) !important;\n    \t\t\t\t\t\t\t}\n    \t\t\t\t\t\t}\n    \t\t\t\t\t\n    \t\t\t\t\t\t@media only screen and (min-width: 480px) and (max-width: 767px){\n    \t\t\t\t\t\t\t#indeed_carousel_view_widget_3220 ul li{\n    \t\t\t\t\t\t\t\twidth: calc(50% - 1px) !important;\n    \t\t\t\t\t\t\t}\n    \t\t\t\t\t\t}\n    \t\t\t\t\t.theme_1 .member-name span {\r\n    background-color: rgb(73, 111, 117);\r\n}\r\n.theme_4 .member-img{\r\nz-index:100;\r\n}<\/style><div class=''><div class='theme_4 copia '><div class='ict_wrapp'><div class='ict_content_cl' id='indeed_carousel_view_widget_3220' ><ul id='indeed_ul_3220_1' class=''><li style='width: calc(100% - 1px)'>\n<div class=\"team-member\">\n <a >\n<div class=\"member-img\">\n <img decoding=\"async\" title=\"Jos\u00e9 Luis Manzaneda\" src=\"https:\/\/www.inesad.edu.bo\/wp-content\/uploads\/2016\/02\/jmanzaneda415.jpg\" alt=\"\"\/>\n<\/div>\n<\/a>\n<div class=\"member-content\">\n<div class=\"member-name\">\nJos\u00e9 Luis Manzaneda\n<\/div>\t\n<div class=\"member-job\">\nJefe Administrativo Financiero\n <\/div>\n <div class=\"clear\"><\/div>\n<div class=\"member-social\">\n\n<\/div>\n<div class=\"member-skills-wrapper\">\n<div class=\"member-email\">\n<i class=\"glyphicont-envelope\"><\/i> <a href=\"mailto:jmanzaneda@inesad.edu.bo\">jmanzaneda@inesad.edu.bo<\/a>\n<\/div>\n<div class=\"member-web\">\n\n<\/div>\n<div class=\"member-phone\">\n\n<\/div>\n<div class=\"member-location\">\n\n<\/div>\n    \n<\/div>\n<\/div>\n<div class=\"member-desc\">\n\n<\/div>\n<\/li><div class='clear'><\/div><\/ul><\/div><script>\n\tjQuery('.team-member').find('.fill').css('width','0%');\n\t\t\n\tjQuery(window).bind('load', function(){\t\n       jQuery('.team-member').each(function() {\t\n\t\tjQuery(this).find('.fill').each(function() {\n\t\t\t\tvar k = 0, f = jQuery(this), p = f.attr('data-progress-animation'), w = f.width();\t\t\n\t\t\t\tif (w == 0) {\n\t\t\t\t\tp = p.substring(0, p.length - 1);\n\t\t\t\t\tvar go = function() {\n\t\t\t\t\t\treturn k >= p || k>= 100 ?( false ) : ( k += 1, f.css('width', k + '%'), setTimeout(go, 1) )\n\t\t\t\t\t\t};\n\t\t\t\t\tgo();\n\t\t\t\t}\n\t\t\t});\n\t\t});\n\t});\n        <\/script><\/div><\/div><\/div>[\/vc_column_text][\/vc_column][vc_column width=&#8221;1\/2&#8243;][vc_column_text]\n<p style=\"text-align: justify;\">With a degree in Auditing and a Diploma in Higher Education, he works at Fundaci\u00f3n INESAD as Chief Financial Administrator. Previously, he held the positions of Technical Manager at Constructora Urquiola S.R.L. (2007 &#8211; 2009) and at CONNAL S.R.L. as Project Manager (1991 &#8211; 2006) and Project Administrator (1999 &#8211; 2004).<\/p>\n[\/vc_column_text][\/vc_column][\/vc_row][vc_row][vc_column][vc_separator el_width=&#8221;80&#8243; css_animation=&#8221;appear&#8221;][\/vc_column][\/vc_row][vc_row][vc_column width=&#8221;1\/2&#8243;][vc_column_text]<span class=\"the_shortcode\"><link rel=\"stylesheet\" href=\"https:\/\/www.inesad.edu.bo\/wp-content\/plugins\/indeed-my-team\/themes\/theme_4 copia\/style.css\" type=\"text\/css\" media=\"all\"><style>\n    \t\t\t\t\t\t@media only screen and (max-width: 479px) {\n    \t\t\t\t\t\t\t#indeed_carousel_view_widget_6507 ul li{\n    \t\t\t\t\t\t\t\twidth: calc(100% - 1px) !important;\n    \t\t\t\t\t\t\t}\n    \t\t\t\t\t\t}\n    \t\t\t\t\t\n    \t\t\t\t\t\t@media only screen and (min-width: 480px) and (max-width: 767px){\n    \t\t\t\t\t\t\t#indeed_carousel_view_widget_6507 ul li{\n    \t\t\t\t\t\t\t\twidth: calc(50% - 1px) !important;\n    \t\t\t\t\t\t\t}\n    \t\t\t\t\t\t}\n    \t\t\t\t\t.theme_1 .member-name span {\r\n    background-color: rgb(73, 111, 117);\r\n}\r\n.theme_4 .member-img{\r\nz-index:100;\r\n}<\/style><div class=''><div class='theme_4 copia '><div class='ict_wrapp'><div class='ict_content_cl' id='indeed_carousel_view_widget_6507' ><ul id='indeed_ul_6507_1' class=''><li style='width: calc(100% - 1px)'>\n<div class=\"team-member\">\n <a >\n<div class=\"member-img\">\n <img decoding=\"async\" title=\"Israel Tito\" src=\"https:\/\/www.inesad.edu.bo\/wp-content\/uploads\/2016\/02\/itito415.jpg\" alt=\"\"\/>\n<\/div>\n<\/a>\n<div class=\"member-content\">\n<div class=\"member-name\">\nIsrael Tito\n<\/div>\t\n<div class=\"member-job\">\nAsistente Administrativo\n <\/div>\n <div class=\"clear\"><\/div>\n<div class=\"member-social\">\n\n<\/div>\n<div class=\"member-skills-wrapper\">\n<div class=\"member-email\">\n<i class=\"glyphicont-envelope\"><\/i> <a href=\"mailto:itito@inesad.edu.bo\">itito@inesad.edu.bo<\/a>\n<\/div>\n<div class=\"member-web\">\n\n<\/div>\n<div class=\"member-phone\">\n\n<\/div>\n<div class=\"member-location\">\n\n<\/div>\n    \n<\/div>\n<\/div>\n<div class=\"member-desc\">\n\n<\/div>\n<\/li><div class='clear'><\/div><\/ul><\/div><script>\n\tjQuery('.team-member').find('.fill').css('width','0%');\n\t\t\n\tjQuery(window).bind('load', function(){\t\n       jQuery('.team-member').each(function() {\t\n\t\tjQuery(this).find('.fill').each(function() {\n\t\t\t\tvar k = 0, f = jQuery(this), p = f.attr('data-progress-animation'), w = f.width();\t\t\n\t\t\t\tif (w == 0) {\n\t\t\t\t\tp = p.substring(0, p.length - 1);\n\t\t\t\t\tvar go = function() {\n\t\t\t\t\t\treturn k >= p || k>= 100 ?( false ) : ( k += 1, f.css('width', k + '%'), setTimeout(go, 1) )\n\t\t\t\t\t\t};\n\t\t\t\t\tgo();\n\t\t\t\t}\n\t\t\t});\n\t\t});\n\t});\n        <\/script><\/div><\/div><\/div><\/span>[\/vc_column_text][\/vc_column][vc_column width=&#8221;1\/2&#8243;][vc_column_text]\n<p style=\"text-align: justify;\">Bachelor in Humanities from 1\u00ba de Mayo College in the city of Llallagua &#8211; North Potos\u00ed, Bachelor in Library and Information Sciences at the Universidad Mayor de San Andr\u00e9s, as well as accounting at CEPA and UMSA. He worked as a Librarian at the Universidad Mayor de San Andr\u00e9s, Universidad Nacional Siglo XX and ISEC &#8211; Llallagua, in the accounting area at Monrroy Asociados Consultores, and other companies.<\/p>\n[\/vc_column_text][\/vc_column][\/vc_row][vc_row][vc_column][vc_separator el_width=&#8221;80&#8243; css_animation=&#8221;appear&#8221;][\/vc_column][\/vc_row][vc_row][vc_column width=&#8221;1\/2&#8243;][vc_column_text]<link rel=\"stylesheet\" href=\"https:\/\/www.inesad.edu.bo\/wp-content\/plugins\/indeed-my-team\/themes\/theme_4 copia\/style.css\" type=\"text\/css\" media=\"all\"><style>\n    \t\t\t\t\t\t@media only screen and (max-width: 479px) {\n    \t\t\t\t\t\t\t#indeed_carousel_view_widget_3550 ul li{\n    \t\t\t\t\t\t\t\twidth: calc(100% - 1px) !important;\n    \t\t\t\t\t\t\t}\n    \t\t\t\t\t\t}\n    \t\t\t\t\t\n    \t\t\t\t\t\t@media only screen and (min-width: 480px) and (max-width: 767px){\n    \t\t\t\t\t\t\t#indeed_carousel_view_widget_3550 ul li{\n    \t\t\t\t\t\t\t\twidth: calc(50% - 1px) !important;\n    \t\t\t\t\t\t\t}\n    \t\t\t\t\t\t}\n    \t\t\t\t\t.theme_1 .member-name span {\r\n    background-color: rgb(73, 111, 117);\r\n}\r\n.theme_4 .member-img{\r\nz-index:100;\r\n}<\/style><div class=''><div class='theme_4 copia '><div class='ict_wrapp'><div class='ict_content_cl' id='indeed_carousel_view_widget_3550' ><ul id='indeed_ul_3550_1' class=''><li style='width: calc(100% - 1px)'>\n<div class=\"team-member\">\n <a >\n<div class=\"member-img\">\n <img decoding=\"async\" title=\"Marlene Baldivieso Rivas\" src=\"https:\/\/www.inesad.edu.bo\/wp-content\/uploads\/2019\/05\/marlene.png\" alt=\"\"\/>\n<\/div>\n<\/a>\n<div class=\"member-content\">\n<div class=\"member-name\">\nMarlene Baldivieso Rivas\n<\/div>\t\n<div class=\"member-job\">\nCoordinadora de Comunicaciones\n <\/div>\n <div class=\"clear\"><\/div>\n<div class=\"member-social\">\n\n<\/div>\n<div class=\"member-skills-wrapper\">\n<div class=\"member-email\">\n<i class=\"glyphicont-envelope\"><\/i> <a href=\"mailto:mbaldivieso@inesad.edu.bo\">mbaldivieso@inesad.edu.bo<\/a>\n<\/div>\n<div class=\"member-web\">\n\n<\/div>\n<div class=\"member-phone\">\n\n<\/div>\n<div class=\"member-location\">\n\n<\/div>\n    \n<\/div>\n<\/div>\n<div class=\"member-desc\">\n\n<\/div>\n<\/li><div class='clear'><\/div><\/ul><\/div><script>\n\tjQuery('.team-member').find('.fill').css('width','0%');\n\t\t\n\tjQuery(window).bind('load', function(){\t\n       jQuery('.team-member').each(function() {\t\n\t\tjQuery(this).find('.fill').each(function() {\n\t\t\t\tvar k = 0, f = jQuery(this), p = f.attr('data-progress-animation'), w = f.width();\t\t\n\t\t\t\tif (w == 0) {\n\t\t\t\t\tp = p.substring(0, p.length - 1);\n\t\t\t\t\tvar go = function() {\n\t\t\t\t\t\treturn k >= p || k>= 100 ?( false ) : ( k += 1, f.css('width', k + '%'), setTimeout(go, 1) )\n\t\t\t\t\t\t};\n\t\t\t\t\tgo();\n\t\t\t\t}\n\t\t\t});\n\t\t});\n\t});\n        <\/script><\/div><\/div><\/div>[\/vc_column_text][\/vc_column][vc_column width=&#8221;1\/2&#8243;][vc_column_text]She has a degree from the Universidad Cat\u00f3lica Boliviana in Social Communication Sciences and has obtained a specialization in Population and Development from the University of Chile, CELADE-CEPAL, as well as diplomas in Marketing and Higher Education. She has completed her professional training with studies in Chile and Ecuador, focused on areas such as Demography, Service Management and Strategic Communication at Johns Hopkins University, European Union, IULA CELCADEL and Government of France. She has acquired skills in areas such as community manager, graphic design and audiovisual editing. Throughout her career, she has held positions of responsibility in public and private institutions. Her outstanding work in the field of information, education and communication at the service of the National Reproductive Health Program in Bolivia has been recognized by the Johns Hopkins University in Baltimore, USA.[\/vc_column_text][\/vc_column][\/vc_row]\n<\/section>","protected":false},"excerpt":{"rendered":"<p>[vc_row][vc_column][vc_text_separator title=&#8221;Executive Director&#8221; title_align=&#8221;separator_align_left&#8221; style=&#8221;dotted&#8221; border_width=&#8221;4&#8243;][\/vc_column][\/vc_row][vc_row][vc_column width=&#8221;1\/2&#8243;][vc_column_text][\/vc_column_text][\/vc_column][vc_column width=&#8221;1\/2&#8243;][vc_column_text] PhD and Master&#8217;s Degree in Economics from the Pontifical Catholic University of Rio de Janeiro (PUC-Rio), and Bachelor&#8217;s Degree in Economics from the Bolivian Catholic University &#8220;San Pablo&#8221; (UCB). In the professional field, she has held the positions of Chief Fiscal Analyst of the Fiscal Analysis Network &hellip;<\/p>\n","protected":false},"author":10,"featured_media":0,"parent":0,"menu_order":0,"comment_status":"closed","ping_status":"closed","template":"","meta":{"_acf_changed":false,"advanced_seo_description":"","jetpack_seo_html_title":"","jetpack_seo_noindex":false,"jetpack_post_was_ever_published":false,"footnotes":""},"class_list":["post-12850","page","type-page","status-publish",""],"acf":[],"jetpack_sharing_enabled":true,"jetpack_shortlink":"https:\/\/wp.me\/P9wqBX-3lg","_links":{"self":[{"href":"https:\/\/www.inesad.edu.bo\/en\/wp-json\/wp\/v2\/pages\/12850","targetHints":{"allow":["GET"]}}],"collection":[{"href":"https:\/\/www.inesad.edu.bo\/en\/wp-json\/wp\/v2\/pages"}],"about":[{"href":"https:\/\/www.inesad.edu.bo\/en\/wp-json\/wp\/v2\/types\/page"}],"author":[{"embeddable":true,"href":"https:\/\/www.inesad.edu.bo\/en\/wp-json\/wp\/v2\/users\/10"}],"replies":[{"embeddable":true,"href":"https:\/\/www.inesad.edu.bo\/en\/wp-json\/wp\/v2\/comments?post=12850"}],"version-history":[{"count":6,"href":"https:\/\/www.inesad.edu.bo\/en\/wp-json\/wp\/v2\/pages\/12850\/revisions"}],"predecessor-version":[{"id":16087,"href":"https:\/\/www.inesad.edu.bo\/en\/wp-json\/wp\/v2\/pages\/12850\/revisions\/16087"}],"wp:attachment":[{"href":"https:\/\/www.inesad.edu.bo\/en\/wp-json\/wp\/v2\/media?parent=12850"}],"curies":[{"name":"wp","href":"https:\/\/api.w.org\/{rel}","templated":true}]}}