{"id":12860,"date":"2018-03-11T19:50:34","date_gmt":"2018-03-11T23:50:34","guid":{"rendered":"https:\/\/www.inesad.edu.bo\/climate-change-research-at-inesad\/"},"modified":"2018-03-11T19:50:34","modified_gmt":"2018-03-11T23:50:34","slug":"climate-change-research-at-inesad","status":"publish","type":"page","link":"https:\/\/www.inesad.edu.bo\/en\/environmental-economics\/climate-change-research-at-inesad\/","title":{"rendered":"Climate Change Research at INESAD"},"content":{"rendered":"<section class=\"wpb-content-wrapper\">[vc_row][vc_column][vc_column_text css_animation=&#8221;appear&#8221;]\n<h3><span style=\"color: #007578;\"><strong>The Economics of Climate Change in Bolivia<\/strong><\/span><\/h3>\n<p style=\"text-align: justify;\">As part of the Regional Study on the Economics of Climate Change (ERECC) led by CEPAL and financed by the IDB, we produced a series of background papers and a Synthesis Report on the Economics of Climate Change in Bolivia.<\/p>\n[\/vc_column_text][vc_column_text css_animation=&#8221;appear&#8221;]\n<h3><span style=\"color: #007578;\"><strong>Synthesis report:<\/strong><\/span><\/h3>\n<p><a href=\"https:\/\/repositorio.cepal.org\/bitstream\/handle\/11362\/37280\/1\/S1420412_es.pdf\"><img loading=\"lazy\" decoding=\"async\" class=\"alignleft style=\" src=\"https:\/\/www.inesad.edu.bo\/wp-content\/uploads\/2018\/03\/cepal_es.jpg\" alt=\"\" width=\"150\" height=\"150\" \/><\/a><\/p>\n<p style=\"text-align: justify;\">BID-CEPAL (2014) \u201c<a href=\"https:\/\/www.cepal.org\/es\/publicaciones\/la-economia-del-cambio-climatico-en-el-estado-plurinacional-de-bolivia\">La econom\u00eda del cambio clim\u00e1tico en el Estado Plurinacional de Bolivia<\/a>.\u201d\u00a0Banco Interamericano de Desarrollo,\u00a0Comisi\u00f3n Econ\u00f3mica para Am\u00e9rica Latina y el Caribe.\u00a0Monograf\u00eda del BID; 220. 96 p.<\/p>\n[\/vc_column_text][\/vc_column][\/vc_row][vc_row][vc_column][vc_column_text css_animation=&#8221;appear&#8221;]\n<h3><span style=\"color: #007578;\"><b>Book<\/b><\/span><\/h3>\n<p><a href=\"https:\/\/www.inesad.edu.bo\/eBooks\/fundacion_inesad_la_dinamica_del_cambio_climatico_en_bolivia\/files\/publication.pdf\" target=\"_blank\" rel=\"noopener\"><img loading=\"lazy\" decoding=\"async\" style=\"margin-right: 15px; margin-bottom: 5px; float: left;\" src=\"\/images\/LibroCC\/TapaLibroCCweb.jpg\" alt=\"La din\u00e1mica del cambio clim\u00e1tico en Bolivia\" width=\"170\" height=\"241\" border=\"0\" \/><\/a><\/p>\n<p style=\"text-align: justify;\">Andersen, L. E. &amp; L. C. Jemio (2015)\u00a0<a href=\"https:\/\/www.inesad.edu.bo\/eBooks\/fundacion_inesad_la_dinamica_del_cambio_climatico_en_bolivia\/files\/publication.pdf\" target=\"_blank\" rel=\"noopener\">La din\u00e1mica del cambio clim\u00e1tico en Bolivia\u00a0(Eds)<\/a>.\u00a0La Paz: Fundaci\u00f3n INESAD.<\/p>\n[\/vc_column_text][\/vc_column][\/vc_row][vc_row][vc_column][vc_column_text css_animation=&#8221;fadeIn&#8221;]\n<h3><span style=\"color: #007578;\"><b>Background papers for the ERECC project<\/b><\/span><\/h3>\n<ul>\n<li>Andrade, M. (2014a) &#8220;<a title=\"http:\/\/publications.iadb.org\/handle\/11319\/6498\" href=\"http:\/\/publications.iadb.org\/handle\/11319\/6498\" target=\"_blank\" rel=\"noopener\">La econom\u00eda del cambio clim\u00e1tico en Bolivia: Validaci\u00f3n de modelos clim\u00e1ticos<\/a>.&#8221;Banco Interamericano de Desarrollo. Divisi\u00f3n de Cambio Clim\u00e1tico y Sostenibilidad. Monografia No.\u00a0IDB-MG-184.<\/li>\n<\/ul>\n<ul>\n<li>Andrade, M. (2014a) &#8220;<a title=\"http:\/\/publications.iadb.org\/handle\/11319\/6526\" href=\"http:\/\/publications.iadb.org\/handle\/11319\/6526\" target=\"_blank\" rel=\"noopener\">La econom\u00eda del cambio clim\u00e1tico en Bolivia: Generaci\u00f3n de datos meteorol\u00f3gicos de alta resoluci\u00f3n para Bolivia<\/a>.&#8221;\u00a0Banco Interamericano de Desarrollo. Divisi\u00f3n de Cambio Clim\u00e1tico y Sostenibilidad. Monografia No.\u00a0IDB-MG-200.<\/li>\n<\/ul>\n<ul>\n<li>Ontiveros, M. (2014) &#8220;<a title=\"http:\/\/publications.iadb.org\/handle\/11319\/6499\" href=\"http:\/\/publications.iadb.org\/handle\/11319\/6499\" target=\"_blank\" rel=\"noopener\">La econom\u00eda del cambio clim\u00e1tico en Bolivia: impactos en los recursos h\u00eddricos<\/a>.&#8221;\u00a0Banco Interamericano de Desarrollo. Divisi\u00f3n de Cambio Clim\u00e1tico y Sostenibilidad. Monografia No.\u00a0IDB-MG-186.<\/li>\n<\/ul>\n<ul>\n<li>Calvo, N. (2014) &#8220;<a title=\"http:\/\/publications.iadb.org\/handle\/11319\/6523\" href=\"http:\/\/publications.iadb.org\/handle\/11319\/6523\" target=\"_blank\" rel=\"noopener\">La econom\u00eda del cambio clim\u00e1tico en Bolivia: Cambios en la demanda h\u00eddrica<\/a>.&#8221;\u00a0Banco Interamericano de Desarrollo. Divisi\u00f3n de Cambio Clim\u00e1tico y Sostenibilidad. Monografia No.\u00a0IDB-MG-187.<\/li>\n<\/ul>\n<ul>\n<li>Jemio, L. C. &amp; L. E. Andersen (2014) &#8220;<a title=\"http:\/\/publications.iadb.org\/handle\/11319\/6522\" href=\"http:\/\/publications.iadb.org\/handle\/11319\/6522\" target=\"_blank\" rel=\"noopener\">La econom\u00eda del cambio clim\u00e1tico en Bolivia: Estimaci\u00f3n de impactos en equilibrio general<\/a>.&#8221;\u00a0Banco Interamericano de Desarrollo. Divisi\u00f3n de Cambio Clim\u00e1tico y Sostenibilidad. Monografia No.\u00a0IDB-MG-201.<\/li>\n<\/ul>\n<ul>\n<li>Andersen, L. E., L. C. Jemio &amp; H. Valencia (2014) &#8220;<a title=\"http:\/\/publications.iadb.org\/handle\/11319\/6501\" href=\"http:\/\/publications.iadb.org\/handle\/11319\/6501\" target=\"_blank\" rel=\"noopener\">La econom\u00eda del cambio clim\u00e1tico en Bolivia: Impactos en el sector agropecuario<\/a>.&#8221;\u00a0Banco Interamericano de Desarrollo. Divisi\u00f3n de Cambio Clim\u00e1tico y Sostenibilidad. Monografia No.\u00a0IDB-MG-191.<\/li>\n<\/ul>\n<ul>\n<li>Arenas, J. (2014) &#8220;<a title=\"http:\/\/publications.iadb.org\/handle\/11319\/6500\" href=\"http:\/\/publications.iadb.org\/handle\/11319\/6500\" target=\"_blank\" rel=\"noopener\">La econom\u00eda del cambio clim\u00e1tico en Bolivia: Impactos de eventos extremos sobre infraestructura y producci\u00f3n agropecuaria<\/a>.&#8221;\u00a0Banco Interamericano de Desarrollo. Divisi\u00f3n de Cambio Clim\u00e1tico y Sostenibilidad. Monografia No.\u00a0IDB-MG-190.<\/li>\n<\/ul>\n<ul>\n<li>Andersen, L. E. (2014) &#8220;<a title=\"http:\/\/publications.iadb.org\/handle\/11319\/6527\" href=\"http:\/\/publications.iadb.org\/handle\/11319\/6527\" target=\"_blank\" rel=\"noopener\">La econom\u00eda del cambio clim\u00e1tico en Bolivia: Impactos sobre la biodiversidad.<\/a>&#8221;\u00a0Banco Interamericano de Desarrollo. Divisi\u00f3n de Cambio Clim\u00e1tico y Sostenibilidad. Monografia No.\u00a0IDB-MG-192.<\/li>\n<\/ul>\n<ul>\n<li>Machicado, C. G. (2014) &#8220;<a title=\"http:\/\/publications.iadb.org\/handle\/11319\/6524\" href=\"http:\/\/publications.iadb.org\/handle\/11319\/6524\" target=\"_blank\" rel=\"noopener\">La econom\u00eda del cambio clim\u00e1tico en Bolivia: Impactos en hidroenerg\u00eda<\/a>.&#8221;\u00a0Banco Interamericano de Desarrollo. Divisi\u00f3n de Cambio Clim\u00e1tico y Sostenibilidad. Monografia No.\u00a0IDB-MG-193.<\/li>\n<\/ul>\n<ul>\n<li>Molina, O. (2014) &#8220;<a title=\"http:\/\/publications.iadb.org\/handle\/11319\/6495\" href=\"http:\/\/publications.iadb.org\/handle\/11319\/6495\" target=\"_blank\" rel=\"noopener\">La econom\u00eda del cambio clim\u00e1tico en Bolivia: Impactos en salud.<\/a>&#8221;\u00a0Banco Interamericano de Desarrollo. Divisi\u00f3n de Cambio Clim\u00e1tico y Sostenibilidad. Monografia No.\u00a0IDB-MG-194.<\/li>\n<\/ul>\n<ul>\n<li>Lykke E. Andersen, Jonah Busch, Elizabeth Curran, Juan Carlos Ledezma, Joaquin Mayorga &amp; Pablo Ruiz (2014)\u00a0<a href=\"https:\/\/www.inesad.edu.bo\/images\/AndersenEtAl2014_LAJED_OSIRIS_Bolivia.pdf\" target=\"_blank\" rel=\"noopener\">\u201cImpactos Socioecon\u00f3micos y ambientales de compensaciones por la reducci\u00f3n de emisiones de deforestaci\u00f3n en Bolivia: resultados del modelo OSIRIS-Bolivia\u201d<\/a>\u00a0<em>Revista Latinoamericana de Desarrollo Econ\u00f3mico<\/em>,\u00a022: 7-48.<\/li>\n<\/ul>\n[\/vc_column_text][\/vc_column][\/vc_row][vc_row][vc_column][vc_column_text css_animation=&#8221;appear&#8221;]\n<h3><span style=\"color: #007578;\"><b>Other climate change studies for Latin America<\/b><\/span><\/h3>\n<ul>\n<li style=\"list-style-type: none;\">\n<ul>\n<li>Andersen, Lykke E., Clemens Breisinger, Luis Carlos Jemio, Daniel Mason-D\u2019Croz, Claudia Ringler, Richard D. Robertson, Dorte Verner and Manfred Wiebelt (2016).\u00a0<a href=\"http:\/\/www.ifpri.org\/publication\/climate-change-impacts-prospects-2050-brazil-mexico-and-peru\" target=\"_blank\" rel=\"noopener\">Climate change impacts: Prospects for 2050 in Brazil, Mexico, and Peru<\/a>. Washington, D.C.: International Food Policy Research Institute (IFPRI).\u00a0<a href=\"http:\/\/ebrary.ifpri.org\/cdm\/ref\/collection\/p15738coll2\/id\/130258\" target=\"_blank\" rel=\"noopener\">http:\/\/dx.doi.org\/10.2499\/9780896295810<\/a>.<\/li>\n<li>Andersen, Lykke E., Dorte Verner &amp; Manfred Wiebelt (2016) \u201cGender and Climate Change in Latin America: An analysis of vulnerability, adaptation and resilience based on household surveys.\u201d\u00a0Journal of International Development,\u00a0<a href=\"http:\/\/onlinelibrary.wiley.com\/doi\/10.1002\/jid.3259\/full\" target=\"_blank\" rel=\"noopener\">http:\/\/onlinelibrary.wiley.com\/doi\/10.1002\/jid.3259\/full<\/a>.<\/li>\n<li>Andersen, Lykke E. &amp; Dorte Verner (2014)\u00a0<a href=\"https:\/\/www.inesad.edu.bo\/images\/AndersenVerner2014LAJED_ClimateChangeBolivia.pdf\" target=\"_blank\" rel=\"noopener\">\u201cSocial Impacts of Climate Change in Bolivia: A municipal level analysis of the effects of recent climate change on life expectancy, consumption, poverty and inequality\u201d<\/a>\u00a0<em>Latin American Journal of Economic Development<\/em>,\u00a022: 49-84.<\/li>\n<li>Andersen, Lykke E., John Geary, Claus Portner &amp; Dorte Verner (2010) \u201cHuman Health and Climate Change.\u201d In: Verner, Dorte (Ed.)<a href=\"https:\/\/openknowledge.worldbank.org\/handle\/10986\/2473\" target=\"_blank\" rel=\"noopener\">Reducing Poverty, Protecting Livelihoods, and Building Assets in a Changing Climate: Social Implications of Climate Change in Latin America and the Caribbean<\/a>. Washington, D.C.: The World Bank. Chapter 6, pp: 167-194.<\/li>\n<li>Andersen, Lykke E., Lotte Lund &amp; Dorte Verner (2010) \u201cMigration and Climate Change.\u201d In: Verner, Dorte (Ed.)\u00a0<a href=\"https:\/\/openknowledge.worldbank.org\/handle\/10986\/2473\" target=\"_blank\" rel=\"noopener\">Reducing Poverty, Protecting Livelihoods, and Building Assets in a Changing Climate: Social Implications of Climate Change in Latin America and the Caribbean<\/a>. Washington, D.C.: The World Bank. Chapter 7, pp: 195-220.<\/li>\n<li>Andersen, Lykke E. &amp; Dorte Verner (2010) \u201cSimulating the Impacts of Climate Change on Poverty and Inequality.\u201d In: Verner, Dorte (Ed.)<a href=\"https:\/\/openknowledge.worldbank.org\/handle\/10986\/2473\" target=\"_blank\" rel=\"noopener\">Reducing Poverty, Protecting Livelihoods, and Building Assets in a Changing Climate: Social Implications of Climate Change in Latin America and the Caribbean<\/a>. Washington, D.C.: The World Bank. Chapter 9, pp: 249-266.<\/li>\n<li>Andersen, Lykke E. &amp; Dorte Verner (2010) \u201d<a href=\"https:\/\/www.inesad.edu.bo\/pdf\/wp09_2010.pdf\" target=\"_blank\" rel=\"noopener\">Social Impacts of Climate Change in Mexico: A municipality level analysis of the effects of recent and future climate change on human development and inequality<\/a>\u201d Development Research Working Paper Series No. 09\/2010, Institute for Advanced Development Studies, La Paz, Bolivia, July.<\/li>\n<li>Andersen, Lykke E., Soraya Rom\u00e1n &amp; Dorte Verner(2010) &#8220;<a href=\"https:\/\/www.inesad.edu.bo\/pdf\/wp08_2010.pdf\" target=\"_blank\" rel=\"noopener\">Social Impacts of Climate Change in Brazil: A municipal level analysis of the effects of recent and future climate change on income, health and inequality<\/a>&#8221; Development Research Working Paper Series No. 08\/2010, Institute for Advanced Development Studies, La Paz, Bolivia, July.<\/li>\n<li>Andersen, Lykke E. &amp; Dorte Verner (2010) \u201c<a href=\"http:\/\/papers.ssrn.com\/sol3\/Delivery.cfm\/5170.pdf?abstractid=1536983&amp;mirid=1\" target=\"_blank\" rel=\"noopener\">Social Impacts of Climate Change in Chile: A Municipal Level Analysis of the Effects of Recent and Future Climate Change on Human Development and Inequality<\/a>&#8221; Policy Research Working Paper No. 5170, The World Bank, Washington D.C., January.<\/li>\n<li>Andersen, Lykke E., Addy Suxo &amp; Dorte Verner (2009) \u201c<a href=\"http:\/\/econ.worldbank.org\/external\/default\/main?pagePK=64165259&amp;theSitePK=469372&amp;piPK=64165421&amp;menuPK=64166093&amp;entityID=000158349_20091026084634\" target=\"_blank\" rel=\"noopener\">Social impacts of climate change in Peru : a district level analysis of the effects of recent and future climate change on human development and inequality<\/a>&#8221; Policy Research Working Paper No. 5091, The World Bank, Washington D.C., October.<\/li>\n<li>Andersen, Lykke E. &amp; Dorte Verner (2009) \u201c<a href=\"http:\/\/econ.worldbank.org\/external\/default\/main?pagePK=64165259&amp;theSitePK=469372&amp;piPK=64165421&amp;menuPK=64166093&amp;entityID=000158349_20091026085048\" target=\"_blank\" rel=\"noopener\">Social impacts of climate change in Bolivia : a municipal level analysis of the efects of recent climate change on life expectancy, consumption, poverty and inequality<\/a>&#8221; Policy Research Working Paper No. 5092, The World Bank, Washington D.C., October.<\/li>\n<\/ul>\n<\/li>\n<\/ul>\n[\/vc_column_text][\/vc_column][\/vc_row]\n<\/section>","protected":false},"excerpt":{"rendered":"<p>[vc_row][vc_column][vc_column_text css_animation=&#8221;appear&#8221;] The Economics of Climate Change in Bolivia As part of the Regional Study on the Economics of Climate Change (ERECC) led by CEPAL and financed by the IDB, we produced a series of background papers and a Synthesis Report on the Economics of Climate Change in Bolivia. [\/vc_column_text][vc_column_text css_animation=&#8221;appear&#8221;] Synthesis report: BID-CEPAL (2014) &hellip;<\/p>\n","protected":false},"author":10,"featured_media":0,"parent":12858,"menu_order":0,"comment_status":"closed","ping_status":"closed","template":"","meta":{"_acf_changed":false,"advanced_seo_description":"","jetpack_seo_html_title":"","jetpack_seo_noindex":false,"jetpack_post_was_ever_published":false,"footnotes":""},"class_list":["post-12860","page","type-page","status-publish",""],"acf":[],"jetpack_sharing_enabled":true,"jetpack_shortlink":"https:\/\/wp.me\/P9wqBX-3lq","_links":{"self":[{"href":"https:\/\/www.inesad.edu.bo\/en\/wp-json\/wp\/v2\/pages\/12860","targetHints":{"allow":["GET"]}}],"collection":[{"href":"https:\/\/www.inesad.edu.bo\/en\/wp-json\/wp\/v2\/pages"}],"about":[{"href":"https:\/\/www.inesad.edu.bo\/en\/wp-json\/wp\/v2\/types\/page"}],"author":[{"embeddable":true,"href":"https:\/\/www.inesad.edu.bo\/en\/wp-json\/wp\/v2\/users\/10"}],"replies":[{"embeddable":true,"href":"https:\/\/www.inesad.edu.bo\/en\/wp-json\/wp\/v2\/comments?post=12860"}],"version-history":[{"count":0,"href":"https:\/\/www.inesad.edu.bo\/en\/wp-json\/wp\/v2\/pages\/12860\/revisions"}],"up":[{"embeddable":true,"href":"https:\/\/www.inesad.edu.bo\/en\/wp-json\/wp\/v2\/pages\/12858"}],"wp:attachment":[{"href":"https:\/\/www.inesad.edu.bo\/en\/wp-json\/wp\/v2\/media?parent=12860"}],"curies":[{"name":"wp","href":"https:\/\/api.w.org\/{rel}","templated":true}]}}