{"id":12880,"date":"2020-10-23T11:09:43","date_gmt":"2020-10-23T15:09:43","guid":{"rendered":"https:\/\/www.inesad.edu.bo\/analisis-de-programas-de-gobierno-y-recomendaciones-de-politicas-publicas\/"},"modified":"2020-10-23T11:09:43","modified_gmt":"2020-10-23T15:09:43","slug":"analisis-de-programas-de-gobierno-y-recomendaciones-de-politicas-publicas","status":"publish","type":"page","link":"https:\/\/www.inesad.edu.bo\/en\/analisis-de-programas-de-gobierno-y-recomendaciones-de-politicas-publicas\/","title":{"rendered":"An\u00e1lisis de Programas de Gobierno y Recomendaciones de Pol\u00edticas P\u00fablicas"},"content":{"rendered":"","protected":false},"excerpt":{"rendered":"","protected":false},"author":12,"featured_media":0,"parent":0,"menu_order":0,"comment_status":"closed","ping_status":"closed","template":"","meta":{"_acf_changed":false,"advanced_seo_description":"","jetpack_seo_html_title":"","jetpack_seo_noindex":false,"jetpack_post_was_ever_published":false,"footnotes":""},"class_list":["post-12880","page","type-page","status-publish",""],"acf":[],"jetpack_sharing_enabled":true,"jetpack_shortlink":"https:\/\/wp.me\/P9wqBX-3lK","_links":{"self":[{"href":"https:\/\/www.inesad.edu.bo\/en\/wp-json\/wp\/v2\/pages\/12880","targetHints":{"allow":["GET"]}}],"collection":[{"href":"https:\/\/www.inesad.edu.bo\/en\/wp-json\/wp\/v2\/pages"}],"about":[{"href":"https:\/\/www.inesad.edu.bo\/en\/wp-json\/wp\/v2\/types\/page"}],"author":[{"embeddable":true,"href":"https:\/\/www.inesad.edu.bo\/en\/wp-json\/wp\/v2\/users\/12"}],"replies":[{"embeddable":true,"href":"https:\/\/www.inesad.edu.bo\/en\/wp-json\/wp\/v2\/comments?post=12880"}],"version-history":[{"count":0,"href":"https:\/\/www.inesad.edu.bo\/en\/wp-json\/wp\/v2\/pages\/12880\/revisions"}],"wp:attachment":[{"href":"https:\/\/www.inesad.edu.bo\/en\/wp-json\/wp\/v2\/media?parent=12880"}],"curies":[{"name":"wp","href":"https:\/\/api.w.org\/{rel}","templated":true}]}}