{"id":12888,"date":"2021-09-13T14:31:49","date_gmt":"2021-09-13T18:31:49","guid":{"rendered":"https:\/\/www.inesad.edu.bo\/curso-ejecutivo-virtual-2\/"},"modified":"2021-09-13T14:31:49","modified_gmt":"2021-09-13T18:31:49","slug":"curso-ejecutivo-virtual-2","status":"publish","type":"page","link":"https:\/\/www.inesad.edu.bo\/en\/curso-ejecutivo-virtual-2\/","title":{"rendered":"CURSO EJECUTIVO VIRTUAL:"},"content":{"rendered":"<section class=\"wpb-content-wrapper\">[vc_row][vc_column width=&#8221;1\/2&#8243;][vc_single_image image=&#8221;11014&#8243; img_size=&#8221;full&#8221; css_animation=&#8221;fadeInRight&#8221; css=&#8221;.vc_custom_1631559778941{border-radius: 1px !important;}&#8221;][\/vc_column][vc_column width=&#8221;1\/2&#8243;][vc_column_text css_animation=&#8221;fadeInRight&#8221;]\n<h3 style=\"text-align: left;\"><strong><span style=\"color: #007576;\">METODOLOG\u00cdA DE LA INVESTIGACI\u00d3N PARA ECONOMISTAS<br \/>\n<\/span><\/strong><em><span style=\"color: #007576;\">(Dirigido a estudiantes de econom\u00eda de la UMSA)<\/span><\/em><\/h3>\n[\/vc_column_text][vc_column_text css_animation=&#8221;fadeInRight&#8221;]\n<p style=\"text-align: justify;\">El objetivo central del Curso es\u00a0<strong>transmitir m\u00e9todos de investigaci\u00f3n empleados en el \u00e1mbito acad\u00e9mico (universidades, centros de investigaci\u00f3n, organismos internacionales, bancos de inversi\u00f3n, etc.) para que los estudiantes puedan aplicar los mismos en la elaboraci\u00f3n de trabajos de investigaci\u00f3n que tengan impacto positivo en la sociedad<\/strong>.<\/p>\n<p style=\"text-align: justify;\">El Curso est\u00e1 dirigido a estudiantes de econom\u00eda de la Universidad Mayor de San Andr\u00e9s (UMSA) que se encuentren cursando los \u00faltimos semestres previos a la elaboraci\u00f3n de la tesis de grado. Los estudiantes interesados deben contar con los cursos aprobados de macroeconom\u00eda, microeconom\u00eda, estad\u00edstica y econometr\u00eda.<\/p>\n<p style=\"text-align: justify;\">.<\/p>\n[\/vc_column_text][vc_custom_heading text=&#8221;Solicitar el Programa:&#8221; font_container=&#8221;tag:div|font_size:22px|text_align:left|color:%23427577|line_height:28px&#8221; google_fonts=&#8221;font_family:Roboto%3A100%2C100italic%2C300%2C300italic%2Cregular%2Citalic%2C500%2C500italic%2C700%2C700italic%2C900%2C900italic|font_style:500%20bold%20regular%3A500%3Anormal&#8221; css_animation=&#8221;fadeInRight&#8221;][vc_column_text css_animation=&#8221;fadeInRight&#8221;]<style id='mailster-form-default' type='text\/css'>.mailster-embeded-form body{background:0;padding:0;margin:0}.mailster-embeded-form .mailster-form-body{padding:5px !important;margin:auto !important}.mailster-form-wrap{max-width:100%;max-height:95%;min-width:100px;-webkit-overflow-scrolling:touch}.mailster-form{margin-bottom:20px;position:relative}.mailster-form:before{content:'';position:absolute;display:block;height:100%;width:100%;z-index:1;background-repeat:no-repeat;background-position:center center;background-size:20px 20px;background-image:url('https:\/\/www.inesad.edu.bo\/wp-content\/plugins\/mailster\/assets\/css\/..\/img\/loading.gif');visibility:hidden;opacity:0;transition:opacity .15s ease-in-out}.mailster-form.loading:before{opacity:1;visibility:visible}@media only screen and (-webkit-min-device-pixel-ratio:2),only screen and (min-resolution:192dpi){.mailster-form:before{background-image:url('https:\/\/www.inesad.edu.bo\/wp-content\/plugins\/mailster\/assets\/css\/..\/img\/loading_2x.gif')}}.mailster-form:after,.mailster-form-fields:after{content:'.';visibility:hidden;display:block;height:0;clear:both}.mailster-form .mailster-form-fields{transition:all .15s ease-in-out}.mailster-form.completed .mailster-form-fields{height:0;min-height:0;opacity:0;overflow:hidden}.mailster-form,.mailster-form .input,.mailster-form .mailster-form-info{width:100%;box-sizing:border-box}.mailster-embeded-form .mailster-form{margin-bottom:3px}.mailster-form .mailster-wrapper{position:relative;margin-bottom:2px;transition:opacity .15s ease-in-out}.mailster-form.loading .mailster-wrapper{opacity:.2}.mailster-form textarea.input{resize:vertical;height:150px}.mailster-form li{list-style:none !important;margin-left:0;padding-left:0}span.mailster-required{font-size:120%;font-weight:700;color:#bf4d4d}.mailster-lists-wrapper ul{list-style:none;margin-left:0;padding-left:0}.mailster-lists-wrapper ul li{margin-left:0}.mailster-list-description{color:inherit;display:block;margin-left:25px;font-size:.8em}.mailster-form-info{height:0;border-radius:2px;padding:5px;margin-bottom:4px;color:#fff;padding:9px 16px;transition:all .2s;-webkit-transform:scale(0);-moz-transform:scale(0);-ms-transform:scale(0);transform:scale(0)}.mailster-form.loading .mailster-form-info{opacity:0}.mailster-form-info a{color:#fff}.mailster-form-info.success,.mailster-form-info.error{display:block;height:100%;-webkit-transform:scale(1);-moz-transform:scale(1);-ms-transform:scale(1);transform:scale(1)}.mailster-form .error input,.mailster-form .error select,.mailster-form .error textarea{outline:2px solid #bf4d4d;outline-offset:0}.mailster-form-info.error{background:#bf4d4d}.mailster-form-info.success{background-color:#6fbf4d;text-align:center}.mailster-form-info ul,.mailster-form .mailster-form-info p{margin:0;padding:0;max-width:initial}.mailster-form-info ul li{color:inherit;margin-left:0}.mailster-submit-wrapper{margin-top:6px}.mailster-form .submit-button{cursor:pointer}.mailster-form .submit-button:focus{outline:0}<\/style><form action=\"https:\/\/www.inesad.edu.bo\/en\/mailster\/subscribe\/\" method=\"post\" class=\"mailster-form mailster-form-submit mailster-ajax-form mailster-form-11\" novalidate><input name=\"_action\" type=\"hidden\" value=\"subscribe\">\n<input name=\"_timestamp\" type=\"hidden\" value=\"1778042194\">\n<input name=\"_referer\" type=\"hidden\" value=\"https:\/\/www.inesad.edu.bo\/en\/wp-json\/wp\/v2\/pages\/12888\">\n<input name=\"_nonce\" type=\"hidden\" value=\"d929dc0528\">\n<input name=\"formid\" type=\"hidden\" value=\"11\">\n<div class=\"mailster-form-fields\">\n<div class=\"mailster-wrapper mailster-email-wrapper\"><label for=\"mailster-email-11\">Email <span class=\"mailster-required\">*<\/span><\/label><input id=\"mailster-email-11\" name=\"email\" type=\"email\" value=\"\" class=\"input mailster-email mailster-required\" aria-required=\"true\" aria-label=\"Email\" spellcheck=\"false\"><\/div>\n<div style=\"position:absolute;top:-99999px;left:-99999px;z-index:-99;\"><input name=\"_n_hp_mail\" type=\"email\" tabindex=\"-1\" autocomplete=\"noton\" autofill=\"off\"><\/div>\n<div class=\"mailster-wrapper mailster-submit-wrapper form-submit\"><input name=\"submit\" type=\"submit\" value=\"Suscribirse\" class=\"submit-button button\" aria-label=\"Suscribirse\"><\/div>\n<\/div>\n<\/form>\n[\/vc_column_text][vc_column_text css_animation=&#8221;fadeInRight&#8221;]<strong>Sus datos no ser\u00e1n compartidos con terceros.<\/strong>[\/vc_column_text][\/vc_column][\/vc_row]\n<\/section>","protected":false},"excerpt":{"rendered":"<p>[vc_row][vc_column width=&#8221;1\/2&#8243;][vc_single_image image=&#8221;11014&#8243; img_size=&#8221;full&#8221; css_animation=&#8221;fadeInRight&#8221; css=&#8221;.vc_custom_1631559778941{border-radius: 1px !important;}&#8221;][\/vc_column][vc_column width=&#8221;1\/2&#8243;][vc_column_text css_animation=&#8221;fadeInRight&#8221;] METODOLOG\u00cdA DE LA INVESTIGACI\u00d3N PARA ECONOMISTAS (Dirigido a estudiantes de econom\u00eda de la UMSA) [\/vc_column_text][vc_column_text css_animation=&#8221;fadeInRight&#8221;] El objetivo central del Curso es\u00a0transmitir m\u00e9todos de investigaci\u00f3n empleados en el \u00e1mbito acad\u00e9mico (universidades, centros de investigaci\u00f3n, organismos internacionales, bancos de inversi\u00f3n, etc.) para que los estudiantes puedan &hellip;<\/p>\n","protected":false},"author":15,"featured_media":0,"parent":0,"menu_order":0,"comment_status":"closed","ping_status":"closed","template":"","meta":{"_acf_changed":false,"advanced_seo_description":"","jetpack_seo_html_title":"","jetpack_seo_noindex":false,"jetpack_post_was_ever_published":false,"footnotes":""},"class_list":["post-12888","page","type-page","status-publish",""],"acf":[],"jetpack_sharing_enabled":true,"jetpack_shortlink":"https:\/\/wp.me\/P9wqBX-3lS","_links":{"self":[{"href":"https:\/\/www.inesad.edu.bo\/en\/wp-json\/wp\/v2\/pages\/12888","targetHints":{"allow":["GET"]}}],"collection":[{"href":"https:\/\/www.inesad.edu.bo\/en\/wp-json\/wp\/v2\/pages"}],"about":[{"href":"https:\/\/www.inesad.edu.bo\/en\/wp-json\/wp\/v2\/types\/page"}],"author":[{"embeddable":true,"href":"https:\/\/www.inesad.edu.bo\/en\/wp-json\/wp\/v2\/users\/15"}],"replies":[{"embeddable":true,"href":"https:\/\/www.inesad.edu.bo\/en\/wp-json\/wp\/v2\/comments?post=12888"}],"version-history":[{"count":0,"href":"https:\/\/www.inesad.edu.bo\/en\/wp-json\/wp\/v2\/pages\/12888\/revisions"}],"wp:attachment":[{"href":"https:\/\/www.inesad.edu.bo\/en\/wp-json\/wp\/v2\/media?parent=12888"}],"curies":[{"name":"wp","href":"https:\/\/api.w.org\/{rel}","templated":true}]}}