{"id":12890,"date":"2021-09-22T13:05:59","date_gmt":"2021-09-22T17:05:59","guid":{"rendered":"https:\/\/www.inesad.edu.bo\/eminpro\/"},"modified":"2023-12-07T04:10:39","modified_gmt":"2023-12-07T08:10:39","slug":"eminpro","status":"publish","type":"page","link":"https:\/\/www.inesad.edu.bo\/en\/eminpro\/","title":{"rendered":"EMINPRO"},"content":{"rendered":"<section class=\"wpb-content-wrapper\">[vc_row][vc_column][vc_column_text]\n<h3 class=\"cont-postheader\" style=\"text-align: justify;\"><span style=\"color: #007576;\">\u00bfQu\u00e9 es EMINPRO?<\/span><\/h3>\n<div class=\"cont-postcontent cont-postcontent-0 clearfix\">\n<div class=\"cont-article\">\n<div style=\"text-align: justify;\"><span style=\"color: #007576;\"><strong>EMINPRO<\/strong><\/span>\u00a0(Empleo, Ingresos y Producci\u00f3n) es una RED social y virtual con la visi\u00f3n de dar informaci\u00f3n y conocimiento veraz y responsable para apoyar un dialogo informado &#8211; pro-positivo, social y democr\u00e1tico &#8211; y medidas para avanzar hacia la creaci\u00f3n de trabajos dignos para toda la fuerza laboral boliviana; como manda la Constituci\u00f3n Pol\u00edtica del Estado.<\/div>\n<\/div>\n<\/div>\n[\/vc_column_text][vc_column_text]\n<h3 class=\"cont-postheader\" style=\"text-align: justify;\"><span style=\"color: #007576;\">La RED virtual contiene:<\/span><\/h3>\n<div class=\"cont-postcontent cont-postcontent-0 clearfix\">\n<div class=\"cont-article\">\n<div style=\"text-align: justify;\">\n<ul>\n<li style=\"text-align: justify;\"><strong>Material Informativo:<\/strong> Con herramientas did\u00e1cticas que transmiten de manera clara y sencilla los temas laborales.<\/li>\n<li style=\"text-align: justify;\"><strong>Indicadores EMINPRO:<\/strong> Con informaci\u00f3n cuantitativa en materia laboral desarrollada bajo normas de \u00e9tica y calidad.<\/li>\n<li style=\"text-align: justify;\"><strong>Biblioteca Virtual:<\/strong> Con documentos t\u00e9cnico-acad\u00e9micos socioecon\u00f3micos y legales que son incluidos bajo normas de \u00e9tica y calidad.<\/li>\n<li><strong>Seminarios y Conversatorios:<\/strong> Con presentaciones y espacios de debate virtuales y no virtuales.<\/li>\n<li style=\"text-align: justify;\"><strong>Foros:<\/strong> Con espacios de debate virtuales y no virtuales.<\/li>\n<\/ul>\n<\/div>\n<\/div>\n<\/div>\n[\/vc_column_text][vc_column_text]\n<h3 class=\"cont-postheader\" style=\"text-align: justify;\"><span style=\"color: #007576;\">La RED social agrupa a:<\/span><\/h3>\n<div class=\"cont-postcontent cont-postcontent-0 clearfix\">\n<div class=\"cont-article\">\n<div style=\"text-align: justify;\">\n<ul>\n<li style=\"text-align: justify;\"><strong>Actores del contexto laboral:<\/strong> Trabajadores y empresarios &#8211; cuentapropistas, micro, peque\u00f1os, medianos y grandes &#8211; representados por organizaciones sociales, que buscan informaci\u00f3n y conocimiento para mejorar sus propias condiciones laborales.<\/li>\n<li style=\"text-align: justify;\"><strong>Instituciones del Estado:<\/strong> Que trabajan en la tem\u00e1tica laboral, ya sea proveyendo informaci\u00f3n y conocimiento y\/o aplicando medidas que permiten avanzar hacia la generaci\u00f3n de empleos dignos.<\/li>\n<li style=\"text-align: justify;\"><strong>Instituciones acad\u00e9micas:<\/strong> Que generan informaci\u00f3n y conocimiento para enriquecer a la RED en sus diversas acciones y, al mismo tiempo, beneficiarse de \u00e9sta.<\/li>\n<li style=\"text-align: justify;\"><strong>Cooperantes:<\/strong> Que bajo diferentes modalidades institucionales &#8211; fundaciones, organizaciones no gubernamentales, organizaciones internacionales y otros &#8211; apoyan a superar los problemas laborales en Bolivia a partir de diversos tipos de actividades.<\/li>\n<li style=\"text-align: justify;\"><strong>Bolivianos y extranjeros:<\/strong> Que trabajan con temas laborales desde diversos \u00e1mbitos.<\/li>\n<\/ul>\n<\/div>\n<\/div>\n<\/div>\n[\/vc_column_text][vc_column_text css_animation=&#8221;fadeInRightBig&#8221; css=&#8221;.vc_custom_1654035365140{margin-right: -20px !important;margin-left: -20px !important;border-bottom-width: 5px !important;background-color: #1a171b !important;border-bottom-color: #0b7577 !important;border-bottom-style: solid !important;}&#8221;]\n<p style=\"padding-left: 10px;\"><span style=\"color: #ffffff; line-height: 26px;\"><strong>RECURSOS DE LA RED EMINPRO<\/strong><\/span><\/p>\n[\/vc_column_text][vc_row_inner][vc_column_inner width=&#8221;1\/4&#8243;][vc_column_text css_animation=&#8221;fadeInDown&#8221;]\n<p style=\"text-align: center;\"><a href=\"https:\/\/www.inesad.edu.bo\/eminpro\/material-informativo-red\/\"><img loading=\"lazy\" decoding=\"async\" class=\"size-full wp-image-11442 aligncenter\" src=\"https:\/\/www.inesad.edu.bo\/wp-content\/uploads\/2022\/05\/material_informativo.jpg\" alt=\"\" width=\"100\" height=\"100\" \/><\/a><\/p>\n<p class=\"name post-title entry-title\" style=\"text-align: center;\"><a href=\"https:\/\/www.inesad.edu.bo\/eminpro\/material-informativo-red\/\"><strong>MATERIAL INFORMATIVO<\/strong><\/a><\/p>\n[\/vc_column_text][\/vc_column_inner][vc_column_inner width=&#8221;1\/4&#8243;][vc_column_text css_animation=&#8221;fadeInUp&#8221;]\n<p style=\"text-align: center;\"><a href=\"https:\/\/www.inesad.edu.bo\/eminpro\/base-de-indicadores-eminpro\/\"><img loading=\"lazy\" decoding=\"async\" class=\"aligncenter wp-image-11443 size-full\" src=\"https:\/\/www.inesad.edu.bo\/wp-content\/uploads\/2022\/05\/indicadores.jpg\" alt=\"\" width=\"100\" height=\"100\" \/><\/a><\/p>\n<p class=\"name post-title entry-title\" style=\"text-align: center;\"><a href=\"https:\/\/www.inesad.edu.bo\/eminpro\/base-de-indicadores-eminpro\/\"><strong>INDICADORES EMINPRO<\/strong><\/a><\/p>\n[\/vc_column_text][\/vc_column_inner][vc_column_inner width=&#8221;1\/4&#8243;][vc_column_text css_animation=&#8221;fadeInDown&#8221;]\n<p style=\"text-align: center;\"><a href=\"https:\/\/www.inesad.edu.bo\/eminpro\/eminpro-library\/?lang=en\"><img loading=\"lazy\" decoding=\"async\" class=\"aligncenter wp-image-11444 size-full\" src=\"https:\/\/www.inesad.edu.bo\/wp-content\/uploads\/2022\/05\/biblioteca_virtual.jpg\" alt=\"\" width=\"100\" height=\"100\" \/><\/a><\/p>\n<p class=\"name post-title entry-title\" style=\"text-align: center;\"><a href=\"https:\/\/www.inesad.edu.bo\/eminpro\/eminpro-library\/?lang=en\"><strong>BIBLIOTECA<\/strong><\/a><\/p>\n[\/vc_column_text][\/vc_column_inner][vc_column_inner width=&#8221;1\/4&#8243;][vc_column_text css_animation=&#8221;fadeInUp&#8221;]\n<p style=\"text-align: center;\"><a href=\"https:\/\/www.inesad.edu.bo\/en\/eminpro\/trabajo-en-red\/?lang=en\"><img loading=\"lazy\" decoding=\"async\" class=\"aligncenter wp-image-11445 size-full\" src=\"https:\/\/www.inesad.edu.bo\/wp-content\/uploads\/2022\/05\/red.jpg\" alt=\"\" width=\"100\" height=\"100\" \/><\/a><\/p>\n<p style=\"text-align: center;\"><a href=\"https:\/\/www.inesad.edu.bo\/en\/eminpro\/trabajo-en-red\/?lang=en\"><strong><span class=\"name post-title entry-title\" style=\"text-align: center;\">TRABAJO EN RED<\/span><\/strong><\/a><\/p>\n[\/vc_column_text][\/vc_column_inner][\/vc_row_inner][vc_column_text]\n<h3 class=\"cont-postheader\" style=\"text-align: justify;\"><span style=\"color: #007576;\">Principios de EMINPRO<\/span><\/h3>\n<div class=\"cont-postcontent cont-postcontent-0 clearfix\">\n<div class=\"cont-article\">\n<div style=\"text-align: justify;\">\n<div style=\"text-align: justify;\">La RED es de naturaleza t\u00e9cnico-acad\u00e9mica, y tiene los siguientes principios:<\/div>\n<ul>\n<li style=\"text-align: justify;\">Independencia de ideolog\u00edas o bases pol\u00edticas, aunque sus aportes pueden ser utilizados como referencia por actores pol\u00edticos.<\/li>\n<li style=\"text-align: justify;\">\u00c9tica en la generaci\u00f3n y socializaci\u00f3n de la informaci\u00f3n y el conocimiento.<\/li>\n<li style=\"text-align: justify;\">Calidad en la informaci\u00f3n y el conocimiento difundido.<\/li>\n<li style=\"text-align: justify;\">Respeto a la diversidad de opini\u00f3n y pensamiento<\/li>\n<li style=\"text-align: justify;\">Transparencia en todas las actividades de la RED.<\/li>\n<\/ul>\n<\/div>\n<\/div>\n<\/div>\n[\/vc_column_text][vc_column_text]\n<h3 class=\"cont-postheader\" style=\"text-align: justify;\"><span style=\"color: #007576;\">Reglamento Interno<\/span><\/h3>\n<div class=\"cont-postcontent cont-postcontent-0 clearfix\">\n<div class=\"cont-article\">\n<div style=\"text-align: justify;\">La recolecci\u00f3n y uso de materiales de informaci\u00f3n y conocimiento, y la participaci\u00f3n en foros virtuales y no-virtuales, de la RED <strong><span style=\"color: #007576;\">EMINPRO<\/span><\/strong> siguen est\u00e1ndares de \u00e9tica y calidad, los cuales son puestos a su conocimiento.<br \/>\nPor favor haga <a href=\"https:\/\/inesad.edu.bo\/eBooks\/eminpro\/Reglamento_Interno.pdf\" target=\"_blank\" rel=\"noopener\"><em>click\u00a0<\/em>aqu\u00ed<\/a>\u00a0para acceder al Reglamento.<\/div>\n<\/div>\n<\/div>\n[\/vc_column_text][\/vc_column][\/vc_row]\n<\/section>","protected":false},"excerpt":{"rendered":"<p>[vc_row][vc_column][vc_column_text] \u00bfQu\u00e9 es EMINPRO? EMINPRO\u00a0(Empleo, Ingresos y Producci\u00f3n) es una RED social y virtual con la visi\u00f3n de dar informaci\u00f3n y conocimiento veraz y responsable para apoyar un dialogo informado &#8211; pro-positivo, social y democr\u00e1tico &#8211; y medidas para avanzar hacia la creaci\u00f3n de trabajos dignos para toda la fuerza laboral boliviana; como manda la &hellip;<\/p>\n","protected":false},"author":15,"featured_media":0,"parent":0,"menu_order":0,"comment_status":"closed","ping_status":"closed","template":"","meta":{"_acf_changed":false,"advanced_seo_description":"","jetpack_seo_html_title":"","jetpack_seo_noindex":false,"jetpack_post_was_ever_published":false,"footnotes":""},"class_list":["post-12890","page","type-page","status-publish",""],"acf":[],"jetpack_sharing_enabled":true,"jetpack_shortlink":"https:\/\/wp.me\/P9wqBX-3lU","_links":{"self":[{"href":"https:\/\/www.inesad.edu.bo\/en\/wp-json\/wp\/v2\/pages\/12890","targetHints":{"allow":["GET"]}}],"collection":[{"href":"https:\/\/www.inesad.edu.bo\/en\/wp-json\/wp\/v2\/pages"}],"about":[{"href":"https:\/\/www.inesad.edu.bo\/en\/wp-json\/wp\/v2\/types\/page"}],"author":[{"embeddable":true,"href":"https:\/\/www.inesad.edu.bo\/en\/wp-json\/wp\/v2\/users\/15"}],"replies":[{"embeddable":true,"href":"https:\/\/www.inesad.edu.bo\/en\/wp-json\/wp\/v2\/comments?post=12890"}],"version-history":[{"count":1,"href":"https:\/\/www.inesad.edu.bo\/en\/wp-json\/wp\/v2\/pages\/12890\/revisions"}],"predecessor-version":[{"id":16196,"href":"https:\/\/www.inesad.edu.bo\/en\/wp-json\/wp\/v2\/pages\/12890\/revisions\/16196"}],"wp:attachment":[{"href":"https:\/\/www.inesad.edu.bo\/en\/wp-json\/wp\/v2\/media?parent=12890"}],"curies":[{"name":"wp","href":"https:\/\/api.w.org\/{rel}","templated":true}]}}