{"id":12896,"date":"2022-03-07T14:00:31","date_gmt":"2022-03-07T18:00:31","guid":{"rendered":"https:\/\/www.inesad.edu.bo\/curso-ejecutivo-virtual-3\/"},"modified":"2022-03-07T14:00:31","modified_gmt":"2022-03-07T18:00:31","slug":"curso-ejecutivo-virtual-3","status":"publish","type":"page","link":"https:\/\/www.inesad.edu.bo\/en\/curso-ejecutivo-virtual-3\/","title":{"rendered":"CURSO EJECUTIVO VIRTUAL:"},"content":{"rendered":"<section class=\"wpb-content-wrapper\">[vc_row][vc_column width=&#8221;1\/2&#8243;][vc_single_image image=&#8221;11241&#8243; img_size=&#8221;full&#8221; css_animation=&#8221;fadeInRight&#8221; css=&#8221;.vc_custom_1647963648903{border-radius: 1px !important;}&#8221;][\/vc_column][vc_column width=&#8221;1\/2&#8243;][vc_column_text css_animation=&#8221;fadeInRight&#8221;]\n<h2 style=\"text-align: justify;\"><strong><span style=\"color: #007576;\">M\u00c9TODOS DE INFERENCIA CAUSAL PARA LA EVALUACI\u00d3N DE IMPACTO<\/span><\/strong><\/h2>\n[\/vc_column_text][vc_column_text css_animation=&#8221;fadeInRight&#8221;]\n<p style=\"text-align: justify;\">El Curso Ejecutivo Virtual tiene como objetivo principal <strong>dotar al alumno de<\/strong> <strong>conocimientos para identificar y aplicar las herramientas anal\u00edticas b\u00e1sicas necesarias para entender y dise\u00f1ar estudios basados en inferencia causal para evaluar pol\u00edticas de manera rigurosa<\/strong>.<\/p>\n<p style=\"text-align: justify;\">El Curso est\u00e1 dirigido a estudiantes de econom\u00eda u otras ciencias afines, que se encuentren cursando los \u00faltimos semestres previos a la elaboraci\u00f3n de la tesis de grado; y a profesionales interesados en el dise\u00f1o de estudios de \u00edndole causal para la evaluaci\u00f3n de pol\u00edticas p\u00fablicas o de eventos socioecon\u00f3micos.<\/p>\n[\/vc_column_text][vc_custom_heading text=&#8221;Descargar el Programa:&#8221; font_container=&#8221;tag:div|font_size:22px|text_align:left|color:%23427577|line_height:28px&#8221; google_fonts=&#8221;font_family:Roboto%3A100%2C100italic%2C300%2C300italic%2Cregular%2Citalic%2C500%2C500italic%2C700%2C700italic%2C900%2C900italic|font_style:500%20bold%20regular%3A500%3Anormal&#8221; css_animation=&#8221;fadeInRight&#8221;][vc_column_text css_animation=&#8221;fadeInRight&#8221;]<style id='mailster-form-default' type='text\/css'>.mailster-embeded-form body{background:0;padding:0;margin:0}.mailster-embeded-form .mailster-form-body{padding:5px !important;margin:auto !important}.mailster-form-wrap{max-width:100%;max-height:95%;min-width:100px;-webkit-overflow-scrolling:touch}.mailster-form{margin-bottom:20px;position:relative}.mailster-form:before{content:'';position:absolute;display:block;height:100%;width:100%;z-index:1;background-repeat:no-repeat;background-position:center center;background-size:20px 20px;background-image:url('https:\/\/www.inesad.edu.bo\/wp-content\/plugins\/mailster\/assets\/css\/..\/img\/loading.gif');visibility:hidden;opacity:0;transition:opacity .15s ease-in-out}.mailster-form.loading:before{opacity:1;visibility:visible}@media only screen and (-webkit-min-device-pixel-ratio:2),only screen and (min-resolution:192dpi){.mailster-form:before{background-image:url('https:\/\/www.inesad.edu.bo\/wp-content\/plugins\/mailster\/assets\/css\/..\/img\/loading_2x.gif')}}.mailster-form:after,.mailster-form-fields:after{content:'.';visibility:hidden;display:block;height:0;clear:both}.mailster-form .mailster-form-fields{transition:all .15s ease-in-out}.mailster-form.completed .mailster-form-fields{height:0;min-height:0;opacity:0;overflow:hidden}.mailster-form,.mailster-form .input,.mailster-form .mailster-form-info{width:100%;box-sizing:border-box}.mailster-embeded-form .mailster-form{margin-bottom:3px}.mailster-form .mailster-wrapper{position:relative;margin-bottom:2px;transition:opacity .15s ease-in-out}.mailster-form.loading .mailster-wrapper{opacity:.2}.mailster-form textarea.input{resize:vertical;height:150px}.mailster-form li{list-style:none !important;margin-left:0;padding-left:0}span.mailster-required{font-size:120%;font-weight:700;color:#bf4d4d}.mailster-lists-wrapper ul{list-style:none;margin-left:0;padding-left:0}.mailster-lists-wrapper ul li{margin-left:0}.mailster-list-description{color:inherit;display:block;margin-left:25px;font-size:.8em}.mailster-form-info{height:0;border-radius:2px;padding:5px;margin-bottom:4px;color:#fff;padding:9px 16px;transition:all .2s;-webkit-transform:scale(0);-moz-transform:scale(0);-ms-transform:scale(0);transform:scale(0)}.mailster-form.loading .mailster-form-info{opacity:0}.mailster-form-info a{color:#fff}.mailster-form-info.success,.mailster-form-info.error{display:block;height:100%;-webkit-transform:scale(1);-moz-transform:scale(1);-ms-transform:scale(1);transform:scale(1)}.mailster-form .error input,.mailster-form .error select,.mailster-form .error textarea{outline:2px solid #bf4d4d;outline-offset:0}.mailster-form-info.error{background:#bf4d4d}.mailster-form-info.success{background-color:#6fbf4d;text-align:center}.mailster-form-info ul,.mailster-form .mailster-form-info p{margin:0;padding:0;max-width:initial}.mailster-form-info ul li{color:inherit;margin-left:0}.mailster-submit-wrapper{margin-top:6px}.mailster-form .submit-button{cursor:pointer}.mailster-form .submit-button:focus{outline:0}<\/style><style type=\"text\/css\" media=\"screen\" class=\"mailster-custom-form-css\">\n.mailster-form.mailster-form-12 .mailster-wrapper .input{color:#000000;background-color:#b2b2b2;}\n.mailster-form.mailster-form-12 label span.mailster-required{color:#000000;}\n.mailster-form.mailster-form-12 .submit-button{background-color:#0b7577;color:#fafafa;}\n.mailster-form.mailster-form-12 .mailster-firstname-wrapper label{color:#0b7577;}\n.mailster-form.mailster-form-12 .mailster-firstname-wrapper .input{background-color:#f7f7f7;}\n.mailster-form.mailster-form-12 .mailster-lastname-wrapper label{color:#0b7577;}\n.mailster-form.mailster-form-12 .mailster-lastname-wrapper .input{background-color:#f7f7f7;}\n.mailster-form.mailster-form-12 .mailster-email-wrapper label{color:#0b7577;}\n.mailster-form.mailster-form-12 .mailster-email-wrapper .input{background-color:#f7f7f7;}\n.mailster-form.mailster-form-12 .mailster-celular-wrapper label{color:#0b7577;}\n.mailster-form.mailster-form-12 .mailster-celular-wrapper .input{background-color:#f7f7f7;}\n.mailster-form.mailster-form-12 .mailster-institucion-wrapper label{color:#0b7577;}\n.mailster-form.mailster-form-12 .mailster-institucion-wrapper .input{background-color:#f7f7f7;}\n.mailster-form.mailster-form-12 .mailster-cargo-wrapper label{color:#0b7577;}\n.mailster-form.mailster-form-12 .mailster-cargo-wrapper .input{background-color:#f7f7f7;}\n.mailster-form.mailster-form-12 .mailster-form-info.success{background-color:#0b7577;}\n.mailster-form.mailster-form-12 .mailster-form-info.error{background-color:#c40101;}\n.mailster-form-3 .mailster-submit-wrapper .submit-button{font-family: Helvetica, sans-serif !important;}\n.mailster-form-3 .mailster-email-wrapper input.input{}\n.mailster-form-3 .mailster-email-wrapper{}\n.mailster-form-3 .mailster-firstname-wrapper{font-family: Helvetica, sans-serif !important;}\n<\/style>\n<form action=\"https:\/\/www.inesad.edu.bo\/en\/mailster\/subscribe\/\" method=\"post\" class=\"mailster-form mailster-form-submit mailster-ajax-form mailster-form-12\" novalidate><input name=\"_action\" type=\"hidden\" value=\"subscribe\">\n<input name=\"_timestamp\" type=\"hidden\" value=\"1778372121\">\n<input name=\"_referer\" type=\"hidden\" value=\"https:\/\/www.inesad.edu.bo\/en\/wp-json\/wp\/v2\/pages\/12896\">\n<input name=\"_nonce\" type=\"hidden\" value=\"d029389187\">\n<input name=\"formid\" type=\"hidden\" value=\"12\">\n<div class=\"mailster-form-fields\">\n<div class=\"mailster-wrapper mailster-firstname-wrapper\"><input id=\"mailster-firstname-12\" name=\"firstname\" type=\"text\" value=\"\" placeholder=\"Nombres *\" class=\"input mailster-firstname mailster-required\" aria-required=\"true\" aria-label=\"Nombres\"><\/div>\n<div class=\"mailster-wrapper mailster-lastname-wrapper\"><input id=\"mailster-lastname-12\" name=\"lastname\" type=\"text\" value=\"\" placeholder=\"Apellidos *\" class=\"input mailster-lastname mailster-required\" aria-required=\"true\" aria-label=\"Apellidos\"><\/div>\n<div class=\"mailster-wrapper mailster-email-wrapper\"><input id=\"mailster-email-12\" name=\"email\" type=\"email\" value=\"\" placeholder=\"Correo *\" class=\"input mailster-email mailster-required\" aria-required=\"true\" aria-label=\"Correo\" spellcheck=\"false\"><\/div>\n<div style=\"position:absolute;top:-99999px;left:-99999px;z-index:-99;\"><input name=\"_n_hp_mail\" type=\"email\" tabindex=\"-1\" autocomplete=\"noton\" autofill=\"off\"><\/div>\n<div class=\"mailster-wrapper mailster-submit-wrapper form-submit\"><input name=\"submit\" type=\"submit\" value=\"Enviar mi informaci\u00f3n\" class=\"submit-button button\" aria-label=\"Enviar mi informaci\u00f3n\"><\/div>\n<\/div>\n<\/form>\n[\/vc_column_text][vc_column_text css_animation=&#8221;fadeInRight&#8221;]<strong>Sus datos no ser\u00e1n compartidos con terceros.<\/strong>[\/vc_column_text][vc_column_text]\n<p style=\"text-align: justify;\">Si usted es <strong>FUNCIONARIO<\/strong> de alguna de las instituciones del <strong>Proyecto DAC (Di\u00e1logo y Apoyo Colaborativo)<\/strong> puede descargar la <strong>CARTA DE SOLICITUD DE BECA<\/strong> <a href=\"https:\/\/www.inesad.edu.bo\/download\/carta-de-solicitud-de-beca-dac-mcei02\/?wpdmdl=11231\"><span style=\"color: #007576;\"><em>a continuaci\u00f3n<\/em><\/span><\/a>.<\/p>\n[\/vc_column_text][\/vc_column][\/vc_row]\n<\/section>","protected":false},"excerpt":{"rendered":"<p>[vc_row][vc_column width=&#8221;1\/2&#8243;][vc_single_image image=&#8221;11241&#8243; img_size=&#8221;full&#8221; css_animation=&#8221;fadeInRight&#8221; css=&#8221;.vc_custom_1647963648903{border-radius: 1px !important;}&#8221;][\/vc_column][vc_column width=&#8221;1\/2&#8243;][vc_column_text css_animation=&#8221;fadeInRight&#8221;] M\u00c9TODOS DE INFERENCIA CAUSAL PARA LA EVALUACI\u00d3N DE IMPACTO [\/vc_column_text][vc_column_text css_animation=&#8221;fadeInRight&#8221;] El Curso Ejecutivo Virtual tiene como objetivo principal dotar al alumno de conocimientos para identificar y aplicar las herramientas anal\u00edticas b\u00e1sicas necesarias para entender y dise\u00f1ar estudios basados en inferencia causal para evaluar pol\u00edticas &hellip;<\/p>\n","protected":false},"author":15,"featured_media":0,"parent":0,"menu_order":0,"comment_status":"closed","ping_status":"closed","template":"","meta":{"_acf_changed":false,"advanced_seo_description":"","jetpack_seo_html_title":"","jetpack_seo_noindex":false,"jetpack_post_was_ever_published":false,"footnotes":""},"class_list":["post-12896","page","type-page","status-publish",""],"acf":[],"jetpack_sharing_enabled":true,"jetpack_shortlink":"https:\/\/wp.me\/P9wqBX-3m0","_links":{"self":[{"href":"https:\/\/www.inesad.edu.bo\/en\/wp-json\/wp\/v2\/pages\/12896","targetHints":{"allow":["GET"]}}],"collection":[{"href":"https:\/\/www.inesad.edu.bo\/en\/wp-json\/wp\/v2\/pages"}],"about":[{"href":"https:\/\/www.inesad.edu.bo\/en\/wp-json\/wp\/v2\/types\/page"}],"author":[{"embeddable":true,"href":"https:\/\/www.inesad.edu.bo\/en\/wp-json\/wp\/v2\/users\/15"}],"replies":[{"embeddable":true,"href":"https:\/\/www.inesad.edu.bo\/en\/wp-json\/wp\/v2\/comments?post=12896"}],"version-history":[{"count":0,"href":"https:\/\/www.inesad.edu.bo\/en\/wp-json\/wp\/v2\/pages\/12896\/revisions"}],"wp:attachment":[{"href":"https:\/\/www.inesad.edu.bo\/en\/wp-json\/wp\/v2\/media?parent=12896"}],"curies":[{"name":"wp","href":"https:\/\/api.w.org\/{rel}","templated":true}]}}