{"id":12902,"date":"2022-06-01T00:55:48","date_gmt":"2022-06-01T04:55:48","guid":{"rendered":"https:\/\/www.inesad.edu.bo\/eminpro-library\/"},"modified":"2022-06-01T00:55:48","modified_gmt":"2022-06-01T04:55:48","slug":"eminpro-library","status":"publish","type":"page","link":"https:\/\/www.inesad.edu.bo\/en\/eminpro\/eminpro-library\/","title":{"rendered":"EMINPRO Library"},"content":{"rendered":"<section class=\"wpb-content-wrapper\">[vc_row][vc_column][vc_column_text css_animation=&#8221;zoomIn&#8221;]\n<h3><span style=\"color: #0b7577;\">\u00a1Bienvenido@ a la Biblioteca de la RED EMINPRO!<\/span><\/h3>\n<div>\n<p>La biblioteca EMINPRO contiene referencias bibliogr\u00e1ficas, con los enlaces respectivos de las p\u00e1ginas web primarias, sobre libros, series de documentos de trabajo de instituciones y otros documentos relativos a econom\u00eda laboral boliviana. La inclusi\u00f3n de la informaci\u00f3n ha sido establecida de acuerdo al\u00a0<a title=\"Reglamento Interno\" href=\"https:\/\/inesad.edu.bo\/eBooks\/eminpro\/Reglamento_Interno.pdf\" target=\"_blank\" rel=\"noopener\">Reglamento Interno<\/a>\u00a0de la RED.<\/p>\n<\/div>\n<div>\n<p>Aqu\u00ed podr\u00e1 acceder a la informaci\u00f3n de acuerdo a la clasificaci\u00f3n por temas, catalogados mediante el\u00a0<a title=\"sistema JEL\" href=\"https:\/\/www.aeaweb.org\/econlit\/jelCodes.php\" target=\"_blank\" rel=\"noopener\">sistema JEL<\/a>, o mediante el buscador por autor, t\u00edtulo o palabras de inter\u00e9s.<\/p>\n<\/div>\n<div>En caso de que tenga alguna investigaci\u00f3n cient\u00edfica sobre econom\u00eda laboral boliviana, nos gustar\u00eda incluirla en la RED; por favor comun\u00edquese con\u00a0<span id=\"cloak32546\"><a href=\"mailto:eminpro@inesad.edu.bo\">eminpro@inesad.edu.bo<\/a><\/span>.<\/div>\n[\/vc_column_text][\/vc_column][\/vc_row][vc_row][vc_column width=&#8221;1\/2&#8243;][vc_column_text css_animation=&#8221;fadeInDown&#8221; css=&#8221;.vc_custom_1654060366642{background-color: #f0f0f0 !important;}&#8221;]\n<p style=\"text-align: center;\"><a href=\"https:\/\/www.inesad.edu.bo\/eminpro\/eminpro-library-search\/?lang=en\"><img loading=\"lazy\" decoding=\"async\" class=\"aligncenter wp-image-11355 size-full\" src=\"https:\/\/www.inesad.edu.bo\/wp-content\/uploads\/2022\/05\/buscar-m.jpg\" alt=\"buscador\" width=\"100\" height=\"100\" \/><\/a><\/p>\n<p style=\"text-align: center;\"><a href=\"https:\/\/www.inesad.edu.bo\/eminpro\/eminpro-library-search\/?lang=en\">Ir al Buscador<\/a><\/p>\n[\/vc_column_text][\/vc_column][vc_column width=&#8221;1\/2&#8243;][vc_column_text css_animation=&#8221;fadeInDown&#8221;]\n<p style=\"text-align: center;\"><a href=\"https:\/\/www.inesad.edu.bo\/eminpro\/economia-laboral-boliviana-por-temas\/?lang=en\"><img loading=\"lazy\" decoding=\"async\" class=\"aligncenter wp-image-11357 size-full\" src=\"https:\/\/www.inesad.edu.bo\/wp-content\/uploads\/2022\/05\/categorias-m.jpg\" alt=\"Por temas\" width=\"100\" height=\"100\" \/><\/a><\/p>\n<p style=\"text-align: center;\"><a href=\"https:\/\/www.inesad.edu.bo\/eminpro\/economia-laboral-boliviana-por-temas\/?lang=en\">Ir a Econom\u00eda Laboral Boliviana por Temas<\/a><\/p>\n[\/vc_column_text][\/vc_column][\/vc_row]\n<\/section>","protected":false},"excerpt":{"rendered":"<p>[vc_row][vc_column][vc_column_text css_animation=&#8221;zoomIn&#8221;] \u00a1Bienvenido@ a la Biblioteca de la RED EMINPRO! La biblioteca EMINPRO contiene referencias bibliogr\u00e1ficas, con los enlaces respectivos de las p\u00e1ginas web primarias, sobre libros, series de documentos de trabajo de instituciones y otros documentos relativos a econom\u00eda laboral boliviana. La inclusi\u00f3n de la informaci\u00f3n ha sido establecida de acuerdo al\u00a0Reglamento Interno\u00a0de la &hellip;<\/p>\n","protected":false},"author":10,"featured_media":0,"parent":12890,"menu_order":0,"comment_status":"closed","ping_status":"closed","template":"","meta":{"_acf_changed":false,"advanced_seo_description":"","jetpack_seo_html_title":"","jetpack_seo_noindex":false,"jetpack_post_was_ever_published":false,"footnotes":""},"class_list":["post-12902","page","type-page","status-publish",""],"acf":[],"jetpack_sharing_enabled":true,"jetpack_shortlink":"https:\/\/wp.me\/P9wqBX-3m6","_links":{"self":[{"href":"https:\/\/www.inesad.edu.bo\/en\/wp-json\/wp\/v2\/pages\/12902","targetHints":{"allow":["GET"]}}],"collection":[{"href":"https:\/\/www.inesad.edu.bo\/en\/wp-json\/wp\/v2\/pages"}],"about":[{"href":"https:\/\/www.inesad.edu.bo\/en\/wp-json\/wp\/v2\/types\/page"}],"author":[{"embeddable":true,"href":"https:\/\/www.inesad.edu.bo\/en\/wp-json\/wp\/v2\/users\/10"}],"replies":[{"embeddable":true,"href":"https:\/\/www.inesad.edu.bo\/en\/wp-json\/wp\/v2\/comments?post=12902"}],"version-history":[{"count":0,"href":"https:\/\/www.inesad.edu.bo\/en\/wp-json\/wp\/v2\/pages\/12902\/revisions"}],"up":[{"embeddable":true,"href":"https:\/\/www.inesad.edu.bo\/en\/wp-json\/wp\/v2\/pages\/12890"}],"wp:attachment":[{"href":"https:\/\/www.inesad.edu.bo\/en\/wp-json\/wp\/v2\/media?parent=12902"}],"curies":[{"name":"wp","href":"https:\/\/api.w.org\/{rel}","templated":true}]}}