{"id":12906,"date":"2022-06-01T02:17:18","date_gmt":"2022-06-01T06:17:18","guid":{"rendered":"https:\/\/www.inesad.edu.bo\/trabajo-en-red\/"},"modified":"2022-06-01T02:17:18","modified_gmt":"2022-06-01T06:17:18","slug":"trabajo-en-red","status":"publish","type":"page","link":"https:\/\/www.inesad.edu.bo\/en\/eminpro\/trabajo-en-red\/","title":{"rendered":"Trabajo en RED"},"content":{"rendered":"<section class=\"wpb-content-wrapper\">[vc_row][vc_column][vc_empty_space][vc_custom_heading text=&#8221;Socios de la RED&#8221; font_container=&#8221;tag:h2|text_align:left|color:%230b7577|line_height:24px&#8221; use_theme_fonts=&#8221;yes&#8221; css_animation=&#8221;fadeInLeft&#8221;][\/vc_column][\/vc_row][vc_row][vc_column][vc_column_text css_animation=&#8221;fadeInDown&#8221;]\n<h3><span style=\"color: #0b7577;\">La RED EMINPRO cuenta con los siguientes socios:<\/span><\/h3>\n<h3><strong>Actores clave del contexto laboral<\/strong><\/h3>\n<ul>\n<li>Federaci\u00f3n Departamental de la Micro y Peque\u00f1a Empresa (FEDEMYPE) de Santa Cruz<\/li>\n<\/ul>\n<h3>Instituciones Acad\u00e9micas<\/h3>\n<ul>\n<li><a href=\"https:\/\/www.abce-edu.org\/\" target=\"_blank\" rel=\"noopener\">Academia Boliviana de Ciencias Econ\u00f3micas<\/a> (ABCE)<\/li>\n<li><a href=\"http:\/\/www.postgrado.fcefa.edu.bo\/acerca.php\" target=\"_blank\" rel=\"noopener\">Instituto de Investigaciones Econ\u00f3micas (IIE)<\/a>, Universidad T\u00e9cnica de Oruro (UTO)<\/li>\n<li><a href=\"https:\/\/www.umss.edu.bo\/instituto-de-estudios-sociales-y-economicos-iese\/\" target=\"_blank\" rel=\"noopener\">Instituto de Estudios Sociales y Econ\u00f3micos (IESE)<\/a>, Universidad Mayor de San Sim\u00f3n (UMSS)<\/li>\n<li><a href=\"http:\/\/www.cep.umss.edu.bo\/\" target=\"_blank\" rel=\"noopener\">Centro de Estudios de Poblaci\u00f3n (CEP)<\/a>, Universidad Mayor de San Sim\u00f3n (UMSS)<\/li>\n<li><a href=\"https:\/\/www.upb.edu\/es\/ciee\" target=\"_blank\" rel=\"noopener\">Centro de Investigaciones Econ\u00f3micas y Empresariales (CIEE)<\/a>, Universidad Privada de Bolivia (UPB)<\/li>\n<li>Colegio de Economistas de Cochabamba (CEC)<\/li>\n<\/ul>\n<h3>Cooperantes y Auspiciadores<\/h3>\n<ul>\n<li><a title=\"Cooperaci\u00f3n de Dinamarca\" href=\"http:\/\/bolivia.um.dk\/es\/danida-es\/\" target=\"_blank\" rel=\"noopener\">Cooperaci\u00f3n de Dinamarca<\/a><\/li>\n<li>Programa\u00a0<a title=\"Multidonante Think Tank Initiative\" href=\"http:\/\/www.idrc.ca\/EN\/Programs\/Social_and_Economic_Policy\/Think_Tank_Initiative\/Pages\/default.aspx\" target=\"_blank\" rel=\"noopener\">Multidonante Think Tank Initiative<\/a> de la cooperaci\u00f3n danesa<\/li>\n<li>Proyecto DAC (Dialogo y Apoyo Colaborativo) de la cooperaci\u00f3n suiza<\/li>\n<\/ul>\n<h3><strong>Proyectos con los Socios<\/strong><\/h3>\n<ul>\n<li>Fondo de Investigaci\u00f3n: <a href=\"https:\/\/inesad.edu.bo\/pdf\/Informe_Fondo_Investigacion.pdf\" target=\"_blank\" rel=\"noopener\">Fortalecimiento de la Investigaci\u00f3n en Desarrollo Econ\u00f3mico en Bolivia<\/a><\/li>\n<\/ul>\n<h3><strong>Actividades con los Socios<\/strong><\/h3>\n<h4>Eventos<\/h4>\n<ul>\n<li>Cooperaci\u00f3n Suiza en Bolivia (SOLIDAR) \u2013 INESAD (15 al 19 de agosto de 2022), <a href=\"https:\/\/wp.me\/P9wqBX-336\">Curso Introductorio Virtual: Herramientas de An\u00e1lisis para comprender la Educaci\u00f3n, el Empleo y el Mercado Laboral<\/a>.<\/li>\n<li>Cooperaci\u00f3n Suiza en Bolivia (SOLIDAR) &#8211; INESAD (20 al 24 de junio de 2022), <a href=\"https:\/\/www.inesad.edu.bo\/curso-introductorio-virtual-hacl-2022\/\">Curso Introductorio Virtual: Herramientas de An\u00e1lisis del Contexto Laboral<\/a>.<\/li>\n<li>Cooperaci\u00f3n Suiza en Bolivia (SOLIDAR) &#8211; INESAD (04 de abril al 1ro. de mayo de 2022), <a href=\"https:\/\/www.inesad.edu.bo\/curso-ejecutivo-virtual-3\/?lang=en\">Curso Ejecutivo Virtual: M\u00e9todos de Inferencia Causal para la Evaluaci\u00f3n de Impacto<\/a> (Segunda Versi\u00f3n).<\/li>\n<li>INESAD-CEP(UMSS) (28 de mayo de 2019), Seminario Permanente de Poblaci\u00f3n y Desarrollo, Universidad Mayor de San Sim\u00f3n.<\/li>\n<li><a href=\"https:\/\/www.inesad.edu.bo\/en\/2019\/03\/21\/la-abce-e-inesad-con-el-apoyo-de-caf-presentaron-investigaciones-para-el-desarrollo-economico-de-bolivia\/?lang=en\">INESAD-ABCE<\/a> (20 de febrero de 2019), Simposio: Investigaciones para el Desarrollo Econ\u00f3mico de Bolivia.<\/li>\n<li><a href=\"https:\/\/www.inesad.edu.bo\/2016\/12\/10\/miembros-de-la-red-eminpro-participan-en-la-7ma-conferencia-boliviana-de-desarrollo-economico\/\">INESAD-IIE(UTO)-UPB<\/a>\u00a0(8 y 9 de diciembre 2016):\u00a0Sesi\u00f3n de Econom\u00eda Laboral en la 7ma Conferencia Boliviana de Desarrollo Econ\u00f3mico<\/li>\n<li><a href=\"https:\/\/www.inesad.edu.bo\/2016\/11\/10\/the-eminpro-network-promoted-a-pannel-discussion-about-labour-informality\/?lang=en\">INESAD-ABCE<\/a>\u00a0(31 de octubre 2016): Conversatorio sobre Informalidad<\/li>\n<li><a href=\"https:\/\/www.inesad.edu.bo\/2016\/10\/26\/seminar-abilities-for-the-labor-market\/?lang=en\">INESAD-CEC-UPB<\/a>\u00a0(20 de octubre 2016): Seminario Habilidades para el Mercado Laboral<\/li>\n<li><a href=\"https:\/\/www.inesad.edu.bo\/2016\/09\/30\/workshop-labor-situation-of-bolivia-main-facts-stylized\/?lang=en\">INESAD-ABCE<\/a>\u00a0(29 septiembre 2016): Workshop &#8220;Stiuaci\u00f3n Laboral de Bolivia: Principales Hechos Estilizados&#8221;<\/li>\n<li><a href=\"https:\/\/eminpro.inesad.edu.bo\/index.php\/news2015\/116-conversatorio-retos-para-mejorar-la-situacion-productiva-y-laboral-de-cochabamba\">IESE-<\/a><a title=\"IESE-INESAD\" href=\"https:\/\/eminpro.inesad.edu.bo\/index.php\/news2014\/47-actividades-cochabamba\" target=\"_blank\" rel=\"noopener\">UMSS-UPB-CEC-CEP-<\/a><a href=\"https:\/\/eminpro.inesad.edu.bo\/index.php\/news2015\/116-conversatorio-retos-para-mejorar-la-situacion-productiva-y-laboral-de-cochabamba\">INESAD<\/a>\u00a0(18 de junio 2015): Retos para Mejorar la Situaci\u00f3n Productiva y Laboral de Cochabamba<\/li>\n<li><a title=\"FEDEMYPE-INESAD\" href=\"https:\/\/eminpro.inesad.edu.bo\/pdf\/Memoria_Taller_FEDEMYPE.pdf\" target=\"_blank\" rel=\"noopener\">FEDEMYPE-INESAD<\/a>\u00a0(30 de septiembre 2014): Una Agenda de Producci\u00f3n, Ingresos y Empleos Dignos<\/li>\n<li><a href=\"https:\/\/eminpro.inesad.edu.bo\/index.php\/news2014\/48-taller-oruro\">IEE (UTO)-INESAD<\/a>\u00a0(25 de septiembre 2014): Colaboraci\u00f3n en el Marco de la Red EMINPRO<\/li>\n<li><a title=\"IESE-INESAD\" href=\"https:\/\/eminpro.inesad.edu.bo\/index.php\/news2014\/47-actividades-cochabamba\" target=\"_blank\" rel=\"noopener\">IESE-UMSS-UPB-CEC-CEP-INESAD<\/a>\u00a0(23 de septiembre 2014): Construyendo la Red Social-Acad\u00e9mica EMINPRO<\/li>\n<\/ul>\n<h4>Documentos t\u00e9cnicos-acad\u00e9micos<\/h4>\n<ul>\n<li>INESAD-ABCE, con auspicio de CAF. <a href=\"https:\/\/www.inesad.edu.bo\/en\/2019\/12\/13\/cuan-importante-es-el-empleo-exportador-en-bolivia\/?lang=en\">Documento de Trabajo No. 5\/2019<\/a>,\u00a0\u00bfCu\u00e1n importante es el Empleo Exportador en Bolivia?<\/li>\n<li>INESAD-ABCE, con auspicio de CAF. <a href=\"https:\/\/www.inesad.edu.bo\/en\/2018\/10\/30\/analisis-de-la-desigualdad-de-largo-plazo-en-bolivia-1976-2012\/?lang=en\">Documento de Trabajo No. 5\/2018<\/a>,\u00a0An\u00e1lisis de la Desigualdad de Largo Plazo en Bolivia, 1976 \u2013 2012<\/li>\n<li>INESAD-ABCE, con auspicio de CAF. <a href=\"https:\/\/www.inesad.edu.bo\/en\/2018\/10\/16\/rent-seeking-en-un-entorno-de-alta-dependencia-de-recursos-naturales-el-caso-de-bolivia\/?lang=en\">Documento de Trabajo No. 4\/2018<\/a>,\u00a0Rent \u2013 Seeking y Alta Dependencia de Recursos Naturales: El caso de Bolivia<\/li>\n<li>INESAD-ABCE, con auspicio de CAF. <a href=\"https:\/\/www.inesad.edu.bo\/en\/2018\/10\/16\/las-caracteristicas-y-el-desarrollo-de-la-economia-popular-un-modelo-formal-con-evidencia-etnografica\/?lang=en\">Documento de Trabajo No. 3\/2018<\/a>,\u00a0Caracter\u00edsticas y Desarrollo de la Econom\u00eda Popular: Un Modelo Formal con Evidencia Etnogr\u00e1fica<\/li>\n<li>INESAD-ABCE, con auspicio de CAF. <a href=\"https:\/\/www.inesad.edu.bo\/2019\/02\/14\/analisis-de-la-desigualdad-de-largo-plazo-en-bolivia-1976-2012-2\/?lang=en\">Bolet\u00edn Informativo S\u00edntesis No. 26\/2018<\/a>,\u00a0An\u00e1lisis de la Desigualdad de Largo Plazo en Bolivia, 1976 \u2013 2012<\/li>\n<li>INESAD-ABCE, con auspicio de CAF. <a href=\"https:\/\/www.inesad.edu.bo\/en\/2019\/02\/14\/rent-seeking-y-alta-dependencia-de-recursos-naturales-el-caso-de-bolivia\/?lang=en\">Bolet\u00edn Informativo S\u00edntesis No. 25\/2018<\/a>,\u00a0Rent \u2013 Seeking y Alta Dependencia de Recursos Naturales: El caso de Bolivia<\/li>\n<li>INESAD-ABCE, con auspicio de CAF. <a href=\"https:\/\/www.inesad.edu.bo\/2019\/02\/14\/caracteristicas-y-desarrollo-de-la-economia-popular-un-modelo-formal-con-evidencia-etnografica\/?lang=en\">Boletines Informativos S\u00edntesis No. 24\/2018<\/a>,\u00a0Caracter\u00edsticas y Desarrollo de la Econom\u00eda Popular: Un Modelo Formal con Evidencia Etnogr\u00e1fica<\/li>\n<li>INESAD-IIE(UTO), con auspicio de DANIDA.\u00a0<a href=\"https:\/\/www.inesad.edu.bo\/en\/2017\/05\/23\/situacion-productiva-y-laboral-de-oruro\/?lang=en\">Bolet\u00edn Informativo S\u00edntesis No. 23\/2017<\/a>, Situaci\u00f3n Productiva y Laboral de Oruro.<\/li>\n<li>INESAD-IESE-UMSS:\u00a0<a href=\"https:\/\/www.inesad.edu.bo\/en\/2015\/05\/18\/situacion-productiva-y-laboral-de-cochabamba\/\">Bolet\u00edn Informativo S\u00edntesis No. 18\/2015<\/a>: Situaci\u00f3n Productica y Laboral de Cochabamba<\/li>\n<li>INESAD-IIE(UTO):\u00a0<a href=\"https:\/\/www.inesad.edu.bo\/web\/wp-content\/uploads\/2016\/12\/El-ABC-del-desarrollo-en-Bolivia-web.pdf\">El ABC del Desarrollo:<\/a>\u00a0Cap\u00edtulo &#8220;P-Pobreza&#8221;<\/li>\n<li>INESAD-IIE(UTO): <a title=\"Cartilla Educativa No 1\" href=\"https:\/\/inesad.edu.bo\/eBooks\/eminpro\/cartillas\/cartilla_educativa1.pdf\" target=\"_blank\" rel=\"noopener\">Cartilla Educativa No. 1<\/a>: Pobreza, Trabajo e Ingresos<\/li>\n<li>INESAD-FEDEMYPE:\u00a0<a href=\"https:\/\/www.inesad.edu.bo\/web\/en\/2015\/07\/21\/capacitacion-como-componente-de-desarrollo-productivo-en-las-microempresas-el-caso-de-la-fedemype-santa-cruz\/\">Documento de Trabajo No. 7\/15<\/a>: Capacitaci\u00f3n como Componente del Desarrollo Productivo en las Microempresas: El Caso de FEDEMYPE Santa Cruz.<\/li>\n<li>INESAD-IESE(UMSS): <a href=\"https:\/\/www.inesad.edu.bo\/web\/en\/2015\/05\/21\/analisis-de-contexto-de-la-situacion-productiva-y-laboral-de-cochabamba\/\">Documento de Trabajo No. 5\/15<\/a>: An\u00e1lisis de Contexto de la Situaci\u00f3n Productica y Laboral de Cochabamba.<\/li>\n<li>INESAD-IIE(UTO): <a href=\"https:\/\/www.inesad.edu.bo\/web\/en\/2015\/09\/21\/english-pobreza-ingresos-laborales-y-trabajo-en-bolivia\/\">Documento de Trabajo No. 9\/15<\/a>: Pobreza, Ingresos Laborales y Trabajo en Bolivia<\/li>\n<li style=\"list-style-type: none;\"><\/li>\n<\/ul>\n[\/vc_column_text][\/vc_column][\/vc_row]\n<\/section>","protected":false},"excerpt":{"rendered":"<p>[vc_row][vc_column][vc_empty_space][vc_custom_heading text=&#8221;Socios de la RED&#8221; font_container=&#8221;tag:h2|text_align:left|color:%230b7577|line_height:24px&#8221; use_theme_fonts=&#8221;yes&#8221; css_animation=&#8221;fadeInLeft&#8221;][\/vc_column][\/vc_row][vc_row][vc_column][vc_column_text css_animation=&#8221;fadeInDown&#8221;] La RED EMINPRO cuenta con los siguientes socios: Actores clave del contexto laboral Federaci\u00f3n Departamental de la Micro y Peque\u00f1a Empresa (FEDEMYPE) de Santa Cruz Instituciones Acad\u00e9micas Academia Boliviana de Ciencias Econ\u00f3micas (ABCE) Instituto de Investigaciones Econ\u00f3micas (IIE), Universidad T\u00e9cnica de Oruro (UTO) Instituto de Estudios &hellip;<\/p>\n","protected":false},"author":10,"featured_media":0,"parent":12890,"menu_order":0,"comment_status":"closed","ping_status":"closed","template":"","meta":{"_acf_changed":false,"advanced_seo_description":"","jetpack_seo_html_title":"","jetpack_seo_noindex":false,"jetpack_post_was_ever_published":false,"footnotes":""},"class_list":["post-12906","page","type-page","status-publish",""],"acf":[],"jetpack_sharing_enabled":true,"jetpack_shortlink":"https:\/\/wp.me\/P9wqBX-3ma","_links":{"self":[{"href":"https:\/\/www.inesad.edu.bo\/en\/wp-json\/wp\/v2\/pages\/12906","targetHints":{"allow":["GET"]}}],"collection":[{"href":"https:\/\/www.inesad.edu.bo\/en\/wp-json\/wp\/v2\/pages"}],"about":[{"href":"https:\/\/www.inesad.edu.bo\/en\/wp-json\/wp\/v2\/types\/page"}],"author":[{"embeddable":true,"href":"https:\/\/www.inesad.edu.bo\/en\/wp-json\/wp\/v2\/users\/10"}],"replies":[{"embeddable":true,"href":"https:\/\/www.inesad.edu.bo\/en\/wp-json\/wp\/v2\/comments?post=12906"}],"version-history":[{"count":0,"href":"https:\/\/www.inesad.edu.bo\/en\/wp-json\/wp\/v2\/pages\/12906\/revisions"}],"up":[{"embeddable":true,"href":"https:\/\/www.inesad.edu.bo\/en\/wp-json\/wp\/v2\/pages\/12890"}],"wp:attachment":[{"href":"https:\/\/www.inesad.edu.bo\/en\/wp-json\/wp\/v2\/media?parent=12906"}],"curies":[{"name":"wp","href":"https:\/\/api.w.org\/{rel}","templated":true}]}}