{"id":16229,"date":"2016-05-13T07:18:07","date_gmt":"2016-05-13T11:18:07","guid":{"rendered":"https:\/\/www.inesad.edu.bo\/internship-program\/"},"modified":"2023-12-07T16:05:45","modified_gmt":"2023-12-07T20:05:45","slug":"internship-program","status":"publish","type":"page","link":"https:\/\/www.inesad.edu.bo\/en\/internship-program\/","title":{"rendered":"INTERNSHIP PROGRAM"},"content":{"rendered":"<section class=\"wpb-content-wrapper\">[vc_row][vc_column][vc_column_text]<img loading=\"lazy\" decoding=\"async\" src=\"https:\/\/www.inesad.edu.bo\/images\/inesad%20danida.jpg\" alt=\"\" width=\"709\" height=\"120\" border=\"0\" \/><\/p>\n<p><img loading=\"lazy\" decoding=\"async\" src=\"https:\/\/www.inesad.edu.bo\/images\/AInterns.jpg\" alt=\"\" width=\"892\" height=\"330\" border=\"0\" \/><\/p>\n<p>&nbsp;<\/p>\n<p>Ambassador Internships are highly competitive paid internships for young development professionals who wish to gain hands-on experience in development research in a developing country. The duration of these internships is between 3 and 12 months. Applicants can access the program from any country in the world, with fluency in Spanish and English being an essential requirement, as this is a necessary skill for INESAD&#8217;s research projects. The internships are funded by various embassies in Bolivia, hence the name, and will cover the intern&#8217;s travel and living expenses during his\/her stay in Bolivia, up to a maximum of US$3,000.<\/p>\n<p>The Ambassador Internships are expected to provide lasting benefits to Bolivia, INESAD, and the interns. The latter will gain valuable work experience in developing countries for their CV, which will give them a clear advantage when applying for doctoral studies or jobs in a highly competitive global market. So far the experience gained at INESAD has been a key element in giving interns and young researchers the opportunity to get full scholarships and acceptance at the best universities in the world (e.g. Johns Hopkins, Yale, Emory and UCSD Universities in the USA, Aarhus University in Denmark, PUC-Rio in Brazil and Torcuato Di&#8211;Tella in Argentina). INESAD benefits from the youthful energy, creativity and hard work of the interns during their stay and the contacts generated through their work. Bolivia benefits because the interns will become informal ambassadors for Bolivia wherever they subsequently work.[\/vc_column_text][\/vc_column][\/vc_row][vc_row][vc_column][vc_text_separator title=&#8221;Ambassador Interns&#8221; title_align=&#8221;separator_align_left&#8221;][vc_column_text]<link rel=\"stylesheet\" href=\"https:\/\/www.inesad.edu.bo\/wp-content\/plugins\/indeed-my-team\/themes\/theme_4 copia\/style.css\" type=\"text\/css\" media=\"all\"><style>\n    \t\t\t\t\t\t@media only screen and (max-width: 479px) {\n    \t\t\t\t\t\t\t#indeed_carousel_view_widget_4791 ul li{\n    \t\t\t\t\t\t\t\twidth: calc(100% - 1px) !important;\n    \t\t\t\t\t\t\t}\n    \t\t\t\t\t\t}\n    \t\t\t\t\t\n    \t\t\t\t\t\t@media only screen and (min-width: 480px) and (max-width: 767px){\n    \t\t\t\t\t\t\t#indeed_carousel_view_widget_4791 ul li{\n    \t\t\t\t\t\t\t\twidth: calc(50% - 1px) !important;\n    \t\t\t\t\t\t\t}\n    \t\t\t\t\t\t}\n    \t\t\t\t\t.theme_1 .member-name span {\r\n    background-color: rgb(73, 111, 117);\r\n}\r\n.theme_4 .member-img{\r\nz-index:100;\r\n}<\/style><div class=''><div class='theme_4 copia pag-theme1'><div class='ict_wrapp'><div class='carousel_view' id='indeed_carousel_view_widget_4791' ><ul id='indeed_ul_4791_1' class=''><li style='width: calc(50% - 1px)'>\n<div class=\"team-member\">\n <a  href=\"https:\/\/www.inesad.edu.bo\/cesar-viscarra\/\" >\n<div class=\"member-img\">\n <img decoding=\"async\" title=\"Cesar Viscarra\" src=\"https:\/\/www.inesad.edu.bo\/wp-content\/uploads\/2017\/06\/cviscarrra.png\" alt=\"\"\/>\n<\/div>\n<\/a>\n<div class=\"member-content\">\n<div class=\"member-name\">\nCesar Viscarra\n<\/div>\t\n<div class=\"member-job\">\nPasante Embajador\n <\/div>\n <div class=\"clear\"><\/div>\n<div class=\"member-social\">\n\n<\/div>\n<div class=\"member-skills-wrapper\">\n<div class=\"member-email\">\n\n<\/div>\n<div class=\"member-web\">\n\n<\/div>\n<div class=\"member-phone\">\n\n<\/div>\n<div class=\"member-location\">\n\n<\/div>\n    \n<\/div>\n<\/div>\n<div class=\"member-desc\">\n\n<\/div>\n<\/li><li style='width: calc(50% - 1px)'>\n<div class=\"team-member\">\n <a  href=\"https:\/\/www.inesad.edu.bo\/levin-wiebelt\/\" >\n<div class=\"member-img\">\n <img decoding=\"async\" title=\"Levin Wiebelt\" src=\"https:\/\/www.inesad.edu.bo\/wp-content\/uploads\/2018\/05\/Levin.png\" alt=\"\"\/>\n<\/div>\n<\/a>\n<div class=\"member-content\">\n<div class=\"member-name\">\nLevin Wiebelt\n<\/div>\t\n<div class=\"member-job\">\nPasante Embajador\n <\/div>\n <div class=\"clear\"><\/div>\n<div class=\"member-social\">\n\n<\/div>\n<div class=\"member-skills-wrapper\">\n<div class=\"member-email\">\n\n<\/div>\n<div class=\"member-web\">\n\n<\/div>\n<div class=\"member-phone\">\n\n<\/div>\n<div class=\"member-location\">\n\n<\/div>\n    \n<\/div>\n<\/div>\n<div class=\"member-desc\">\n\n<\/div>\n<\/li><div class='clear'><\/div><\/ul><\/div><script>\n\tjQuery('.team-member').find('.fill').css('width','0%');\n\t\t\n\tjQuery(window).bind('load', function(){\t\n       jQuery('.team-member').each(function() {\t\n\t\tjQuery(this).find('.fill').each(function() {\n\t\t\t\tvar k = 0, f = jQuery(this), p = f.attr('data-progress-animation'), w = f.width();\t\t\n\t\t\t\tif (w == 0) {\n\t\t\t\t\tp = p.substring(0, p.length - 1);\n\t\t\t\t\tvar go = function() {\n\t\t\t\t\t\treturn k >= p || k>= 100 ?( false ) : ( k += 1, f.css('width', k + '%'), setTimeout(go, 1) )\n\t\t\t\t\t\t};\n\t\t\t\t\tgo();\n\t\t\t\t}\n\t\t\t});\n\t\t});\n\t});\n        <\/script><\/div><\/div><\/div>[\/vc_column_text][vc_text_separator title=&#8221;Former Interns&#8221; title_align=&#8221;separator_align_left&#8221;][vc_column_text]<link rel=\"stylesheet\" href=\"https:\/\/www.inesad.edu.bo\/wp-content\/plugins\/indeed-my-team\/themes\/theme_4 copia\/style.css\" type=\"text\/css\" media=\"all\"><style>\n    \t\t\t\t\t\t@media only screen and (max-width: 479px) {\n    \t\t\t\t\t\t\t#indeed_carousel_view_widget_6307 ul li{\n    \t\t\t\t\t\t\t\twidth: calc(100% - 1px) !important;\n    \t\t\t\t\t\t\t}\n    \t\t\t\t\t\t}\n    \t\t\t\t\t\n    \t\t\t\t\t\t@media only screen and (min-width: 480px) and (max-width: 767px){\n    \t\t\t\t\t\t\t#indeed_carousel_view_widget_6307 ul li{\n    \t\t\t\t\t\t\t\twidth: calc(50% - 1px) !important;\n    \t\t\t\t\t\t\t}\n    \t\t\t\t\t\t}\n    \t\t\t\t\t.theme_1 .member-name span {\r\n    background-color: rgb(73, 111, 117);\r\n}\r\n.theme_4 .member-img{\r\nz-index:100;\r\n}<\/style><div class=''><div class='theme_4 copia pag-theme1'><div class='ict_wrapp'><div class='carousel_view' id='indeed_carousel_view_widget_6307' ><ul id='indeed_ul_6307_1' class=''><li style='width: calc(50% - 1px)'>\n<div class=\"team-member\">\n <a  href=\"https:\/\/www.inesad.edu.bo\/santiago-alonso-alvarez\/\" >\n<div class=\"member-img\">\n <img decoding=\"async\" title=\"Santiago Alonso \u00c1lvarez\" src=\"https:\/\/www.inesad.edu.bo\/wp-content\/uploads\/2016\/05\/006.jpg\" alt=\"\"\/>\n<\/div>\n<\/a>\n<div class=\"member-content\">\n<div class=\"member-name\">\nSantiago Alonso \u00c1lvarez\n<\/div>\t\n<div class=\"member-job\">\nPasante Antiguo\n <\/div>\n <div class=\"clear\"><\/div>\n<div class=\"member-social\">\n\n<\/div>\n<div class=\"member-skills-wrapper\">\n<div class=\"member-email\">\n\n<\/div>\n<div class=\"member-web\">\n\n<\/div>\n<div class=\"member-phone\">\n\n<\/div>\n<div class=\"member-location\">\n\n<\/div>\n    \n<\/div>\n<\/div>\n<div class=\"member-desc\">\n\n<\/div>\n<\/li><li style='width: calc(50% - 1px)'>\n<div class=\"team-member\">\n <a  href=\"https:\/\/www.inesad.edu.bo\/adriana-ballon-ossio\/\" >\n<div class=\"member-img\">\n <img decoding=\"async\" title=\"Adriana Ball\u00f3n Ossio\" src=\"https:\/\/www.inesad.edu.bo\/wp-content\/uploads\/2016\/05\/003.jpg\" alt=\"\"\/>\n<\/div>\n<\/a>\n<div class=\"member-content\">\n<div class=\"member-name\">\nAdriana Ball\u00f3n Ossio\n<\/div>\t\n<div class=\"member-job\">\nPasante Antigua\n <\/div>\n <div class=\"clear\"><\/div>\n<div class=\"member-social\">\n\n<\/div>\n<div class=\"member-skills-wrapper\">\n<div class=\"member-email\">\n\n<\/div>\n<div class=\"member-web\">\n\n<\/div>\n<div class=\"member-phone\">\n\n<\/div>\n<div class=\"member-location\">\n\n<\/div>\n    \n<\/div>\n<\/div>\n<div class=\"member-desc\">\n\n<\/div>\n<\/li><div class='clear'><\/div><\/ul><ul id='indeed_ul_6307_2' class=''><li style='width: calc(50% - 1px)'>\n<div class=\"team-member\">\n <a  href=\"https:\/\/www.inesad.edu.bo\/ditte-beyer\/\" >\n<div class=\"member-img\">\n <img decoding=\"async\" title=\"Ditte Beyer\" src=\"https:\/\/www.inesad.edu.bo\/wp-content\/uploads\/2016\/05\/009.jpg\" alt=\"\"\/>\n<\/div>\n<\/a>\n<div class=\"member-content\">\n<div class=\"member-name\">\nDitte Beyer\n<\/div>\t\n<div class=\"member-job\">\nPasante Antigua\n <\/div>\n <div class=\"clear\"><\/div>\n<div class=\"member-social\">\n\n<\/div>\n<div class=\"member-skills-wrapper\">\n<div class=\"member-email\">\n\n<\/div>\n<div class=\"member-web\">\n\n<\/div>\n<div class=\"member-phone\">\n\n<\/div>\n<div class=\"member-location\">\n\n<\/div>\n    \n<\/div>\n<\/div>\n<div class=\"member-desc\">\n\n<\/div>\n<\/li><li style='width: calc(50% - 1px)'>\n<div class=\"team-member\">\n <a  href=\"https:\/\/www.inesad.edu.bo\/carlos-calle-saravia\/\" >\n<div class=\"member-img\">\n <img decoding=\"async\" title=\"Carlos Calle Saravia\" src=\"https:\/\/www.inesad.edu.bo\/wp-content\/uploads\/2016\/05\/005.jpg\" alt=\"\"\/>\n<\/div>\n<\/a>\n<div class=\"member-content\">\n<div class=\"member-name\">\nCarlos Calle Saravia\n<\/div>\t\n<div class=\"member-job\">\nPasante Antiguo\n <\/div>\n <div class=\"clear\"><\/div>\n<div class=\"member-social\">\n\n<\/div>\n<div class=\"member-skills-wrapper\">\n<div class=\"member-email\">\n\n<\/div>\n<div class=\"member-web\">\n\n<\/div>\n<div class=\"member-phone\">\n\n<\/div>\n<div class=\"member-location\">\n\n<\/div>\n    \n<\/div>\n<\/div>\n<div class=\"member-desc\">\n\n<\/div>\n<\/li><div class='clear'><\/div><\/ul><ul id='indeed_ul_6307_3' class=''><li style='width: calc(50% - 1px)'>\n<div class=\"team-member\">\n <a  href=\"https:\/\/www.inesad.edu.bo\/marcelo-gutierrez\/\" >\n<div class=\"member-img\">\n <img decoding=\"async\" title=\"Marcelo Gutierrez\" src=\"https:\/\/www.inesad.edu.bo\/wp-content\/uploads\/2016\/05\/008.jpg\" alt=\"\"\/>\n<\/div>\n<\/a>\n<div class=\"member-content\">\n<div class=\"member-name\">\nMarcelo Gutierrez\n<\/div>\t\n<div class=\"member-job\">\nPasante Antiguo\n <\/div>\n <div class=\"clear\"><\/div>\n<div class=\"member-social\">\n\n<\/div>\n<div class=\"member-skills-wrapper\">\n<div class=\"member-email\">\n\n<\/div>\n<div class=\"member-web\">\n\n<\/div>\n<div class=\"member-phone\">\n\n<\/div>\n<div class=\"member-location\">\n\n<\/div>\n    \n<\/div>\n<\/div>\n<div class=\"member-desc\">\n\n<\/div>\n<\/li><li style='width: calc(50% - 1px)'>\n<div class=\"team-member\">\n <a  href=\"https:\/\/www.inesad.edu.bo\/hai-vu-phan\/\" >\n<div class=\"member-img\">\n <img decoding=\"async\" title=\"Hai-Vu Phan\" src=\"https:\/\/www.inesad.edu.bo\/wp-content\/uploads\/2016\/05\/004.jpg\" alt=\"\"\/>\n<\/div>\n<\/a>\n<div class=\"member-content\">\n<div class=\"member-name\">\nHai-Vu Phan\n<\/div>\t\n<div class=\"member-job\">\nPasante Antigua\n <\/div>\n <div class=\"clear\"><\/div>\n<div class=\"member-social\">\n\n<\/div>\n<div class=\"member-skills-wrapper\">\n<div class=\"member-email\">\n\n<\/div>\n<div class=\"member-web\">\n\n<\/div>\n<div class=\"member-phone\">\n\n<\/div>\n<div class=\"member-location\">\n\n<\/div>\n    \n<\/div>\n<\/div>\n<div class=\"member-desc\">\n\n<\/div>\n<\/li><div class='clear'><\/div><\/ul><ul id='indeed_ul_6307_4' class=''><li style='width: calc(50% - 1px)'>\n<div class=\"team-member\">\n <a  href=\"https:\/\/www.inesad.edu.bo\/alaina-senear\/\" >\n<div class=\"member-img\">\n <img decoding=\"async\" title=\"Alaina Senear\" src=\"https:\/\/www.inesad.edu.bo\/wp-content\/uploads\/2016\/05\/002.jpg\" alt=\"\"\/>\n<\/div>\n<\/a>\n<div class=\"member-content\">\n<div class=\"member-name\">\nAlaina Senear\n<\/div>\t\n<div class=\"member-job\">\nPasante Antiguo\n <\/div>\n <div class=\"clear\"><\/div>\n<div class=\"member-social\">\n\n<\/div>\n<div class=\"member-skills-wrapper\">\n<div class=\"member-email\">\n\n<\/div>\n<div class=\"member-web\">\n\n<\/div>\n<div class=\"member-phone\">\n\n<\/div>\n<div class=\"member-location\">\n\n<\/div>\n    \n<\/div>\n<\/div>\n<div class=\"member-desc\">\n\n<\/div>\n<\/li><li style='width: calc(50% - 1px)'>\n<div class=\"team-member\">\n <a  href=\"https:\/\/www.inesad.edu.bo\/samantha-todd\/\" >\n<div class=\"member-img\">\n <img decoding=\"async\" title=\"Samantha Todd\" src=\"https:\/\/www.inesad.edu.bo\/wp-content\/uploads\/2016\/05\/007.jpg\" alt=\"\"\/>\n<\/div>\n<\/a>\n<div class=\"member-content\">\n<div class=\"member-name\">\nSamantha Todd\n<\/div>\t\n<div class=\"member-job\">\nPasante Antigua\n <\/div>\n <div class=\"clear\"><\/div>\n<div class=\"member-social\">\n\n<\/div>\n<div class=\"member-skills-wrapper\">\n<div class=\"member-email\">\n\n<\/div>\n<div class=\"member-web\">\n\n<\/div>\n<div class=\"member-phone\">\n\n<\/div>\n<div class=\"member-location\">\n\n<\/div>\n    \n<\/div>\n<\/div>\n<div class=\"member-desc\">\n\n<\/div>\n<\/li><div class='clear'><\/div><\/ul><ul id='indeed_ul_6307_5' class=''><li style='width: calc(50% - 1px)'>\n<div class=\"team-member\">\n <a  href=\"https:\/\/www.inesad.edu.bo\/montserat-beatriz-valdivia-medinaceli\/\" >\n<div class=\"member-img\">\n <img decoding=\"async\" title=\"Montserat Beatriz Valdivia Medinaceli\" src=\"https:\/\/www.inesad.edu.bo\/wp-content\/uploads\/2016\/09\/564564-15.jpg\" alt=\"\"\/>\n<\/div>\n<\/a>\n<div class=\"member-content\">\n<div class=\"member-name\">\nMontserat Beatriz Valdivia Medinaceli\n<\/div>\t\n<div class=\"member-job\">\nPasante Antigua\n <\/div>\n <div class=\"clear\"><\/div>\n<div class=\"member-social\">\n\n<\/div>\n<div class=\"member-skills-wrapper\">\n<div class=\"member-email\">\n\n<\/div>\n<div class=\"member-web\">\n\n<\/div>\n<div class=\"member-phone\">\n\n<\/div>\n<div class=\"member-location\">\n\n<\/div>\n    \n<\/div>\n<\/div>\n<div class=\"member-desc\">\n\n<\/div>\n<\/li><li style='width: calc(50% - 1px)'>\n<div class=\"team-member\">\n <a  href=\"https:\/\/www.inesad.edu.bo\/justus-jan-krause\/\" >\n<div class=\"member-img\">\n <img decoding=\"async\" title=\"Justus Jan Krause\" src=\"https:\/\/www.inesad.edu.bo\/wp-content\/uploads\/2016\/09\/Justus-1.jpg\" alt=\"\"\/>\n<\/div>\n<\/a>\n<div class=\"member-content\">\n<div class=\"member-name\">\nJustus Jan Krause\n<\/div>\t\n<div class=\"member-job\">\nPasante Antiguo\n <\/div>\n <div class=\"clear\"><\/div>\n<div class=\"member-social\">\n\n<\/div>\n<div class=\"member-skills-wrapper\">\n<div class=\"member-email\">\n\n<\/div>\n<div class=\"member-web\">\n\n<\/div>\n<div class=\"member-phone\">\n\n<\/div>\n<div class=\"member-location\">\n\n<\/div>\n    \n<\/div>\n<\/div>\n<div class=\"member-desc\">\n\n<\/div>\n<\/li><div class='clear'><\/div><\/ul><ul id='indeed_ul_6307_6' class=''><li style='width: calc(50% - 1px)'>\n<div class=\"team-member\">\n <a  href=\"https:\/\/www.inesad.edu.bo\/augustus-griffin\/\" >\n<div class=\"member-img\">\n <img decoding=\"async\" title=\"Augustus Griffin\" src=\"https:\/\/www.inesad.edu.bo\/wp-content\/uploads\/2016\/09\/Augustus-Griffin-Photo.jpg\" alt=\"\"\/>\n<\/div>\n<\/a>\n<div class=\"member-content\">\n<div class=\"member-name\">\nAugustus Griffin\n<\/div>\t\n<div class=\"member-job\">\nPasante Antiguo\n <\/div>\n <div class=\"clear\"><\/div>\n<div class=\"member-social\">\n\n<\/div>\n<div class=\"member-skills-wrapper\">\n<div class=\"member-email\">\n\n<\/div>\n<div class=\"member-web\">\n\n<\/div>\n<div class=\"member-phone\">\n\n<\/div>\n<div class=\"member-location\">\n\n<\/div>\n    \n<\/div>\n<\/div>\n<div class=\"member-desc\">\n\n<\/div>\n<\/li><li style='width: calc(50% - 1px)'>\n<div class=\"team-member\">\n <a  href=\"https:\/\/www.inesad.edu.bo\/anna-sophia-doyle\/\" >\n<div class=\"member-img\">\n <img decoding=\"async\" title=\"Anna Sophia Doyle\" src=\"https:\/\/www.inesad.edu.bo\/wp-content\/uploads\/2016\/02\/adoyle415.jpg\" alt=\"\"\/>\n<\/div>\n<\/a>\n<div class=\"member-content\">\n<div class=\"member-name\">\nAnna Sophia Doyle\n<\/div>\t\n<div class=\"member-job\">\nPasante Antigua\n <\/div>\n <div class=\"clear\"><\/div>\n<div class=\"member-social\">\n\n<\/div>\n<div class=\"member-skills-wrapper\">\n<div class=\"member-email\">\n\n<\/div>\n<div class=\"member-web\">\n\n<\/div>\n<div class=\"member-phone\">\n\n<\/div>\n<div class=\"member-location\">\n\n<\/div>\n    \n<\/div>\n<\/div>\n<div class=\"member-desc\">\n\n<\/div>\n<\/li><div class='clear'><\/div><\/ul><ul id='indeed_ul_6307_7' class=''><li style='width: calc(50% - 1px)'>\n<div class=\"team-member\">\n <a  href=\"https:\/\/www.inesad.edu.bo\/gabriel-orduna-montekio\/\" >\n<div class=\"member-img\">\n <img decoding=\"async\" title=\"Gabriel Ordu\u00f1a Montekio\" src=\"https:\/\/www.inesad.edu.bo\/wp-content\/uploads\/2016\/09\/Gabriel-Ordu\u00f1a.jpg\" alt=\"\"\/>\n<\/div>\n<\/a>\n<div class=\"member-content\">\n<div class=\"member-name\">\nGabriel Ordu\u00f1a Montekio\n<\/div>\t\n<div class=\"member-job\">\nPasante Antiguo\n <\/div>\n <div class=\"clear\"><\/div>\n<div class=\"member-social\">\n\n<\/div>\n<div class=\"member-skills-wrapper\">\n<div class=\"member-email\">\n\n<\/div>\n<div class=\"member-web\">\n\n<\/div>\n<div class=\"member-phone\">\n\n<\/div>\n<div class=\"member-location\">\n\n<\/div>\n    \n<\/div>\n<\/div>\n<div class=\"member-desc\">\n\n<\/div>\n<\/li><li style='width: calc(50% - 1px)'>\n<div class=\"team-member\">\n <a  href=\"https:\/\/www.inesad.edu.bo\/marta-kornacka\/\" >\n<div class=\"member-img\">\n <img decoding=\"async\" title=\"Marta Kornacka\" src=\"https:\/\/www.inesad.edu.bo\/wp-content\/uploads\/2016\/02\/mkornacka415.jpg\" alt=\"\"\/>\n<\/div>\n<\/a>\n<div class=\"member-content\">\n<div class=\"member-name\">\nMarta Kornacka\n<\/div>\t\n<div class=\"member-job\">\nPasante Antigua\n <\/div>\n <div class=\"clear\"><\/div>\n<div class=\"member-social\">\n\n<\/div>\n<div class=\"member-skills-wrapper\">\n<div class=\"member-email\">\n\n<\/div>\n<div class=\"member-web\">\n\n<\/div>\n<div class=\"member-phone\">\n\n<\/div>\n<div class=\"member-location\">\n\n<\/div>\n    \n<\/div>\n<\/div>\n<div class=\"member-desc\">\n\n<\/div>\n<\/li><div class='clear'><\/div><\/ul><ul id='indeed_ul_6307_8' class=''><li style='width: calc(50% - 1px)'>\n<div class=\"team-member\">\n <a  href=\"https:\/\/www.inesad.edu.bo\/helene-menard\/\" >\n<div class=\"member-img\">\n <img decoding=\"async\" title=\"H\u00e9l\u00e8ne M\u00e9nard\" src=\"https:\/\/www.inesad.edu.bo\/wp-content\/uploads\/2017\/07\/tratamiento-a-OJO-PNGs.png\" alt=\"\"\/>\n<\/div>\n<\/a>\n<div class=\"member-content\">\n<div class=\"member-name\">\nH\u00e9l\u00e8ne M\u00e9nard\n<\/div>\t\n<div class=\"member-job\">\nPasante Embajadora\n <\/div>\n <div class=\"clear\"><\/div>\n<div class=\"member-social\">\n\n<\/div>\n<div class=\"member-skills-wrapper\">\n<div class=\"member-email\">\n\n<\/div>\n<div class=\"member-web\">\n\n<\/div>\n<div class=\"member-phone\">\n\n<\/div>\n<div class=\"member-location\">\n\n<\/div>\n    \n<\/div>\n<\/div>\n<div class=\"member-desc\">\n\n<\/div>\n<\/li><div class='clear'><\/div><\/ul><\/div><script>\n\tjQuery('.team-member').find('.fill').css('width','0%');\n\t\t\n\tjQuery(window).bind('load', function(){\t\n       jQuery('.team-member').each(function() {\t\n\t\tjQuery(this).find('.fill').each(function() {\n\t\t\t\tvar k = 0, f = jQuery(this), p = f.attr('data-progress-animation'), w = f.width();\t\t\n\t\t\t\tif (w == 0) {\n\t\t\t\t\tp = p.substring(0, p.length - 1);\n\t\t\t\t\tvar go = function() {\n\t\t\t\t\t\treturn k >= p || k>= 100 ?( false ) : ( k += 1, f.css('width', k + '%'), setTimeout(go, 1) )\n\t\t\t\t\t\t};\n\t\t\t\t\tgo();\n\t\t\t\t}\n\t\t\t});\n\t\t});\n\t});\n        <\/script><script>\n                            \t\tjQuery(document).ready(function() {\n                            \t\t  var owl = jQuery('#indeed_carousel_view_widget_6307');\n                            \t\t  owl.owlCarousel({\n\t\t\t\t\t\t\t\t\t\t    items : 1,\n\t\t\t\t\t\t\t\t\t\t\tmouseDrag: true,\n\t\t\t\t\t\t\t\t\t\t\ttouchDrag: true,\n\t\t\t\t\t\t\t\t\t\t\t\n\t\t\t\t\t\t\t\t\t\t\tautoHeight: false,\n\t\t\t\t\t\t\t\t\t\t\t\n\t\t\t\t\t\t\t\t\t\t\tanimateOut: false,\n    \t\t\t\t\t\t\t\t\t\tanimateIn: false,\n\t\t\t\t\t\t\t\t\t\t\t\n\t\t\t\t\t\t\t\t\t\t\tlazyLoad : false,\n\t\t\t\t\t\t\t\t\t\t\tloop: true,\n\t\t\t\t\t\t\t\t\t\t\t\n\t\t\t\t\t\t\t\t\t\t\tautoplay : true,\n\t\t\t\t\t\t\t\t\t\t\tautoplayTimeout: 5000,\n\t\t\t\t\t\t\t\t\t\t\tautoplayHoverPause: true,\n\t\t\t\t\t\t\t\t\t\t\tautoplaySpeed: 500,\n\t\t\t\t\t\t\t\t\t\t\t\n\t\t\t\t\t\t\t\t\t\t\tnav : true,\n\t\t\t\t\t\t\t\t\t\t\tnavSpeed : 500,\n\t\t\t\t\t\t\t\t\t\t\tnavText: [ '', '' ],\n\t\t\t\t\t\t\t\t\t\t\t\n\t\t\t\t\t\t\t\t\t\t\tdots: true,\n\t\t\t\t\t\t\t\t\t\t\tdotsSpeed : 500,\n\t\t\t\t\t\t\t\t\t\t\t\n\t\t\t\t\t\t\t\t\t\t\tresponsiveClass: true,\n                                \t\t\tresponsive:{\n\t\t\t\t\t\t\t\t\t\t\t0:{\n\t\t\t\t\t\t\t\t\t\t\t\tnav:false\n\t\t\t\t\t\t\t\t\t\t\t},\n\t\t\t\t\t\t\t\t\t\t\t450:{\n\t\t\t\t\t\t\t\t\t\t\t\tnav : true\n\t\t\t\t\t\t\t\t\t\t\t}\n\t\t\t\t\t\t\t\t\t\t}\n                            \t\t  });\n                            \t\t});\n                               <\/script><\/div><\/div><\/div>[\/vc_column_text][\/vc_column][vc_column][vc_text_separator title=&#8221;Video&#8221; title_align=&#8221;separator_align_left&#8221;][vc_video link=&#8221;https:\/\/www.youtube.com\/watch?v=WnjTV3pK1Fk&#8221;][\/vc_column][\/vc_row]\n<\/section>","protected":false},"excerpt":{"rendered":"<p>[vc_row][vc_column][vc_column_text] &nbsp; Ambassador Internships are highly competitive paid internships for young development professionals who wish to gain hands-on experience in development research in a developing country. The duration of these internships is between 3 and 12 months. Applicants can access the program from any country in the world, with fluency in Spanish and English being &hellip;<\/p>\n","protected":false},"author":10,"featured_media":0,"parent":0,"menu_order":0,"comment_status":"closed","ping_status":"closed","template":"","meta":{"_acf_changed":false,"advanced_seo_description":"","jetpack_seo_html_title":"","jetpack_seo_noindex":false,"jetpack_post_was_ever_published":false,"footnotes":""},"class_list":["post-16229","page","type-page","status-publish",""],"acf":[],"jetpack_sharing_enabled":true,"jetpack_shortlink":"https:\/\/wp.me\/P9wqBX-4dL","_links":{"self":[{"href":"https:\/\/www.inesad.edu.bo\/en\/wp-json\/wp\/v2\/pages\/16229","targetHints":{"allow":["GET"]}}],"collection":[{"href":"https:\/\/www.inesad.edu.bo\/en\/wp-json\/wp\/v2\/pages"}],"about":[{"href":"https:\/\/www.inesad.edu.bo\/en\/wp-json\/wp\/v2\/types\/page"}],"author":[{"embeddable":true,"href":"https:\/\/www.inesad.edu.bo\/en\/wp-json\/wp\/v2\/users\/10"}],"replies":[{"embeddable":true,"href":"https:\/\/www.inesad.edu.bo\/en\/wp-json\/wp\/v2\/comments?post=16229"}],"version-history":[{"count":5,"href":"https:\/\/www.inesad.edu.bo\/en\/wp-json\/wp\/v2\/pages\/16229\/revisions"}],"predecessor-version":[{"id":16238,"href":"https:\/\/www.inesad.edu.bo\/en\/wp-json\/wp\/v2\/pages\/16229\/revisions\/16238"}],"wp:attachment":[{"href":"https:\/\/www.inesad.edu.bo\/en\/wp-json\/wp\/v2\/media?parent=16229"}],"curies":[{"name":"wp","href":"https:\/\/api.w.org\/{rel}","templated":true}]}}