{"id":17000,"date":"2024-03-06T15:52:37","date_gmt":"2024-03-06T19:52:37","guid":{"rendered":"https:\/\/www.inesad.edu.bo\/reports-newsletters-blogs\/"},"modified":"2024-11-12T11:15:24","modified_gmt":"2024-11-12T15:15:24","slug":"reports-newsletters-blogs","status":"publish","type":"page","link":"https:\/\/www.inesad.edu.bo\/en\/green-jobs-and-sustainable-agriculture\/reports-newsletters-blogs\/","title":{"rendered":"REPORTS \/ NEWSLETTERS \/ BLOGS"},"content":{"rendered":"<div id='1' class='widgets_on_page wop_tiny1  wop_small1  wop_medium1  wop_large1  wop_wide1'>\n\t\t\t<ul><li id=\"super_rss_reader-2\" class=\"widget widget_super_rss_reader\"><!-- Start - Super RSS Reader v5.4-->\r\n        <div class=\"super-rss-reader-widget\"><div class=\"srr-main\"><div class=\"srr-wrap srr-style-none\" data-visible=\"5\" data-speed=\"4000\" data-id=\"srr-tab-155\" ><div class=\"srr-inner\"><div class=\"srr-item \"><div class=\"srr-item-in srr-clearfix\"><div class=\"srr-title\"><a href=\"https:\/\/inesad.edu.bo\/developmentroast\/2024\/03\/gender-inequality-and-empowerment-of-rural-women\/\" target=\"_blank\" rel=\"nofollow noopener noreferrer\" title=\"Gender inequality and empowerment of rural women\">Gender inequality and empowerment of rural women<\/a><\/div><div class=\"srr-meta\"><time class=\"srr-date\" title=\"11 March 2024, 2:39 pm UTC\">11 March 2024<\/time><\/div><div class=\"srr-summary srr-clearfix\"><p>By: Daniela Romero* Gender inequalities are the result of the historical persistence of systems and of structural discrimination and exclusion factors. In the specific case of women, exclusion is a multi-dimensional issue which leads to precarious situations for women in the conditions and their actions in economic, social and political spheres (Moreno and Anderson, 2015: \u2026 <a href=\"https:\/\/inesad.edu.bo\/developmentroast\/2024\/03\/gender-inequality-and-empowerment-of-rural-women\/\" title=\"Read more\" target=\"_blank\" rel=\"nofollow noopener noreferrer\" class=\"srr-read-more\">Leer m\u00e1s<\/a><\/p><\/div><\/div><\/div><div class=\"srr-item srr-stripe\"><div class=\"srr-item-in srr-clearfix\"><div class=\"srr-title\"><a href=\"https:\/\/inesad.edu.bo\/developmentroast\/2024\/03\/the-importance-of-the-gender-approach-in-interventions-aiming-at-rural-development\/\" target=\"_blank\" rel=\"nofollow noopener noreferrer\" title=\"The importance of the gender approach in interventions aiming at rural development\">The importance of the gender approach in interventions aiming at rural development<\/a><\/div><div class=\"srr-meta\"><time class=\"srr-date\" title=\"4 March 2024, 2:27 pm UTC\">4 March 2024<\/time><\/div><div class=\"srr-summary srr-clearfix\"><p>By\u00a0Daniela Romero* Since the 1990s, the gender approach has been included in the debate of international conferences and in government policies and programs around the globe. In addition, this has led to the emergence of many women\u2019s organizations that promote use of the concepts of the approach from both an activist and scientific perspective. Despite \u2026 <a href=\"https:\/\/inesad.edu.bo\/developmentroast\/2024\/03\/the-importance-of-the-gender-approach-in-interventions-aiming-at-rural-development\/\" title=\"Read more\" target=\"_blank\" rel=\"nofollow noopener noreferrer\" class=\"srr-read-more\">Leer m\u00e1s<\/a><\/p><\/div><\/div><\/div><div class=\"srr-item \"><div class=\"srr-item-in srr-clearfix\"><div class=\"srr-title\"><a href=\"https:\/\/inesad.edu.bo\/developmentroast\/2023\/03\/bolivian-women-leaders-in-economic-recovery\/\" target=\"_blank\" rel=\"nofollow noopener noreferrer\" title=\"Bolivian Women: Leaders in Economic Recovery\">Bolivian Women: Leaders in Economic Recovery<\/a><\/div><div class=\"srr-meta\"><time class=\"srr-date\" title=\"8 March 2023, 3:51 pm UTC\">8 March 2023<\/time><\/div><div class=\"srr-summary srr-clearfix\"><p>By: Beatriz Muriel H., Ph.D* As of December 2019, the world faced a health crisis as a result of COVID-19, which led to an economic crisis at the world level in 2020. In Bolivia, production (gross domestic product) fell by 8.8% in the mentioned year, as a result of a series of quarantine measures, both \u2026 <a href=\"https:\/\/inesad.edu.bo\/developmentroast\/2023\/03\/bolivian-women-leaders-in-economic-recovery\/\" title=\"Read more\" target=\"_blank\" rel=\"nofollow noopener noreferrer\" class=\"srr-read-more\">Leer m\u00e1s<\/a><\/p><\/div><\/div><\/div><\/div><\/div><\/div><\/div><!-- End - Super RSS Reader --><\/li><li id=\"super_rss_reader-3\" class=\"widget widget_super_rss_reader\"><!-- Start - Super RSS Reader v5.4-->\r\n        <div class=\"super-rss-reader-widget\"><div class=\"srr-main\"><div class=\"srr-wrap srr-style-none\" data-visible=\"5\" data-speed=\"10000\" data-id=\"srr-tab-269\" ><div class=\"srr-inner\"><div class=\"srr-item \"><div class=\"srr-item-in srr-clearfix\"><div class=\"srr-title\"><a href=\"https:\/\/inesad.edu.bo\/dslm\/2025\/01\/quien-hace-que-y-a-que-accede-organizacion-laboral-y-productiva-en-los-hogares-de-quinua-del-altiplano-sur\/\" target=\"_blank\" rel=\"nofollow noopener noreferrer\" title=\"\u00bfQui\u00e9n hace qu\u00e9 y a qu\u00e9 accede? Organizaci\u00f3n laboral y productiva en los hogares de quinua del Altiplano Sur\">\u00bfQui\u00e9n hace qu\u00e9 y a qu\u00e9 accede? Organizaci\u00f3n laboral y productiva en los hogares de quinua del Altiplano Sur<\/a><\/div><div class=\"srr-meta\"><time class=\"srr-date\" title=\"16 January 2025, 4:55 pm UTC\">16 January 2025<\/time><\/div><div class=\"srr-summary srr-clearfix\"><p>Por: Daniela Romero* Entre 2009 y 2019, aproximadamente tres cuartas partes de la poblaci\u00f3n ocupada se dedicaba a la producci\u00f3n agropecuaria en las zonas rurales de Bolivia (Muriel, 2022). Sin embargo, esta ocupaci\u00f3n es principalmente no asalariada, algo muy com\u00fan en estas zonas y que con la pandemia lleg\u00f3 a empeorar (Machicado, 2022). Las ocupaciones \u2026Posts RelacionadosInclusi\u00f3n financiera en las \u00e1reas rurales y\u2026La importancia de la transversalizaci\u00f3n de g\u00e9nero en\u2026Bono Juancito Pinto \u00bfBeneficia a los ni\u00f1os, ni\u00f1as y\u2026Reducci\u00f3n de subsidios a los combustibles en\u2026Nuevo a\u00f1o base, nueva estructura productiva:\u2026 <a href=\"https:\/\/inesad.edu.bo\/dslm\/2025\/01\/quien-hace-que-y-a-que-accede-organizacion-laboral-y-productiva-en-los-hogares-de-quinua-del-altiplano-sur\/\" title=\"Read more\" target=\"_blank\" rel=\"nofollow noopener noreferrer\" class=\"srr-read-more\">Leer m\u00e1s<\/a><\/p><\/div><\/div><\/div><div class=\"srr-item srr-stripe\"><div class=\"srr-item-in srr-clearfix\"><div class=\"srr-title\"><a href=\"https:\/\/inesad.edu.bo\/dslm\/2024\/11\/inclusion-financiera-en-las-areas-rurales-y-productoras-de-quinua\/\" target=\"_blank\" rel=\"nofollow noopener noreferrer\" title=\"Inclusi\u00f3n financiera en las \u00e1reas rurales y productoras de quinua\">Inclusi\u00f3n financiera en las \u00e1reas rurales y productoras de quinua<\/a><\/div><div class=\"srr-meta\"><time class=\"srr-date\" title=\"28 November 2024, 3:44 pm UTC\">28 November 2024<\/time><\/div><div class=\"srr-summary srr-clearfix\"><p>\u00a0 \u00a0 \u00a0Por: Daniela Romero* La expansi\u00f3n del acceso a servicios financieros en \u00e1reas rurales tiene un impacto positivo sobre la reducci\u00f3n de la pobreza y el aumento del ingreso per c\u00e1pita, y constituye un medio para lograr objetivos econ\u00f3micos y sociales m\u00e1s amplios (Caballero, 2024). Para lograr este tipo de inclusi\u00f3n, entonces, se requiere \u2026Posts RelacionadosLos beneficios de las finanzas verdes en la banca:\u2026\u00bfQui\u00e9n hace qu\u00e9 y a qu\u00e9 accede? Organizaci\u00f3n laboral\u2026La importancia de la transversalizaci\u00f3n de g\u00e9nero en\u2026Bonos sostenibles: clave para el crecimiento bancarioBanca y sostenibilidad: el papel clave de los\u2026 <a href=\"https:\/\/inesad.edu.bo\/dslm\/2024\/11\/inclusion-financiera-en-las-areas-rurales-y-productoras-de-quinua\/\" title=\"Read more\" target=\"_blank\" rel=\"nofollow noopener noreferrer\" class=\"srr-read-more\">Leer m\u00e1s<\/a><\/p><\/div><\/div><\/div><div class=\"srr-item \"><div class=\"srr-item-in srr-clearfix\"><div class=\"srr-title\"><a href=\"https:\/\/inesad.edu.bo\/dslm\/2024\/02\/la-importancia-de-la-transversalizacion-de-genero-en-los-servicios-de-salud\/\" target=\"_blank\" rel=\"nofollow noopener noreferrer\" title=\"La importancia de la transversalizaci\u00f3n de g\u00e9nero en los servicios de salud\">La importancia de la transversalizaci\u00f3n de g\u00e9nero en los servicios de salud<\/a><\/div><div class=\"srr-meta\"><time class=\"srr-date\" title=\"16 February 2024, 1:43 pm UTC\">16 February 2024<\/time><\/div><div class=\"srr-summary srr-clearfix\"><p>Por: Daniela Romero* La Organizaci\u00f3n Mundial de la Salud (OMS) define el derecho a la salud como uno de los derechos fundamentales de todo ser humano, puesto que est\u00e1 relacionado con el bienestar f\u00edsico, mental y social. Por lo tanto, ejercerlo no solo implica acceder a atenci\u00f3n sanitaria, sino tener las condiciones sociales, econ\u00f3micas, pol\u00edticas \u2026Posts RelacionadosInclusi\u00f3n financiera en las \u00e1reas rurales y\u2026\u00bfQui\u00e9n hace qu\u00e9 y a qu\u00e9 accede? Organizaci\u00f3n laboral\u2026Bonos sostenibles: clave para el crecimiento bancarioBanca y sostenibilidad: el papel clave de los\u2026Los beneficios de las finanzas verdes en la banca:\u2026 <a href=\"https:\/\/inesad.edu.bo\/dslm\/2024\/02\/la-importancia-de-la-transversalizacion-de-genero-en-los-servicios-de-salud\/\" title=\"Read more\" target=\"_blank\" rel=\"nofollow noopener noreferrer\" class=\"srr-read-more\">Leer m\u00e1s<\/a><\/p><\/div><\/div><\/div><div class=\"srr-item srr-stripe\"><div class=\"srr-item-in srr-clearfix\"><div class=\"srr-title\"><a href=\"https:\/\/inesad.edu.bo\/dslm\/2023\/03\/mujeres-bolivianas-lideresas-de-la-reactivacion-economica\/\" target=\"_blank\" rel=\"nofollow noopener noreferrer\" title=\"Mujeres bolivianas: Lideresas de la reactivaci\u00f3n econ\u00f3mica\">Mujeres bolivianas: Lideresas de la reactivaci\u00f3n econ\u00f3mica<\/a><\/div><div class=\"srr-meta\"><time class=\"srr-date\" title=\"8 March 2023, 4:05 pm UTC\">8 March 2023<\/time><\/div><div class=\"srr-summary srr-clearfix\"><p>Por: Beatriz Muriel H., Ph.D Desde diciembre del a\u00f1o 2019, el mundo enfrent\u00f3 una crisis sanitaria derivada de la COVID-19, la cual condujo a una crisis econ\u00f3mica a nivel mundial en el 2020. En Bolivia, la producci\u00f3n (Producto Interno Bruto) cay\u00f3 en 8,8% en ese a\u00f1o; resultado de una serie de medidas de aislamiento que \u2026Posts Relacionados\u00bfQui\u00e9n hace qu\u00e9 y a qu\u00e9 accede? Organizaci\u00f3n laboral\u2026Reducci\u00f3n de subsidios a los combustibles en\u2026Inclusi\u00f3n financiera en las \u00e1reas rurales y\u2026La importancia de la transversalizaci\u00f3n de g\u00e9nero en\u2026Cambio en la metodolog\u00eda de c\u00e1lculo de las cuentas\u2026 <a href=\"https:\/\/inesad.edu.bo\/dslm\/2023\/03\/mujeres-bolivianas-lideresas-de-la-reactivacion-economica\/\" title=\"Read more\" target=\"_blank\" rel=\"nofollow noopener noreferrer\" class=\"srr-read-more\">Leer m\u00e1s<\/a><\/p><\/div><\/div><\/div><div class=\"srr-item \"><div class=\"srr-item-in srr-clearfix\"><div class=\"srr-title\"><a href=\"https:\/\/inesad.edu.bo\/dslm\/2023\/01\/importancia-del-enfoque-de-genero-en-las-intervenciones-destinadas-al-desarrollo-rural\/\" target=\"_blank\" rel=\"nofollow noopener noreferrer\" title=\"Importancia del enfoque de g\u00e9nero en las intervenciones destinadas al desarrollo rural\">Importancia del enfoque de g\u00e9nero en las intervenciones destinadas al desarrollo rural<\/a><\/div><div class=\"srr-meta\"><time class=\"srr-date\" title=\"13 January 2023, 1:34 pm UTC\">13 January 2023<\/time><\/div><div class=\"srr-summary srr-clearfix\"><p>Por: Daniela Romero* Desde los a\u00f1os noventa, el enfoque de g\u00e9nero ha sido incluido en el debate de conferencias internacionales, as\u00ed como en pol\u00edticas y programas gubernamentales alrededor del mundo. Adem\u00e1s, esto provoc\u00f3 el nacimiento de muchas organizaciones de mujeres que continuaron impulsando el uso de sus conceptos tanto dese una esfera activista, como cient\u00edfica. \u2026Posts RelacionadosLa importancia de la transversalizaci\u00f3n de g\u00e9nero en\u2026Inclusi\u00f3n financiera en las \u00e1reas rurales y\u2026\u00bfQui\u00e9n hace qu\u00e9 y a qu\u00e9 accede? Organizaci\u00f3n laboral\u2026Banca y sostenibilidad: el papel clave de los\u2026Javier Milei, el economista <a href=\"https:\/\/inesad.edu.bo\/dslm\/2023\/01\/importancia-del-enfoque-de-genero-en-las-intervenciones-destinadas-al-desarrollo-rural\/\" title=\"Read more\" target=\"_blank\" rel=\"nofollow noopener noreferrer\" class=\"srr-read-more\">Leer m\u00e1s<\/a><\/p><\/div><\/div><\/div><div class=\"srr-item srr-stripe\"><div class=\"srr-item-in srr-clearfix\"><div class=\"srr-title\"><a href=\"https:\/\/inesad.edu.bo\/dslm\/2022\/11\/desigualdad-de-genero-y-empoderamiento-de-las-mujeres-rurales\/\" target=\"_blank\" rel=\"nofollow noopener noreferrer\" title=\"Desigualdad de g\u00e9nero y empoderamiento de las mujeres rurales\">Desigualdad de g\u00e9nero y empoderamiento de las mujeres rurales<\/a><\/div><div class=\"srr-meta\"><time class=\"srr-date\" title=\"23 November 2022, 7:50 pm UTC\">23 November 2022<\/time><\/div><div class=\"srr-summary srr-clearfix\"><p>Por: Daniela Romero* Las desigualdades de g\u00e9nero son resultado de la persistencia hist\u00f3rica de sistemas y factores estructurales de discriminaci\u00f3n y de exclusi\u00f3n. En el caso espec\u00edfico de las mujeres, la exclusi\u00f3n es una cuesti\u00f3n multidimensional provoca precarizaci\u00f3n en sus condiciones y actuaci\u00f3n en los \u00e1mbitos econ\u00f3micos, sociales y pol\u00edticos (Moreno y Anderson, 2015: 169 \u2026Posts Relacionados\u00bfQui\u00e9n hace qu\u00e9 y a qu\u00e9 accede? Organizaci\u00f3n laboral\u2026La importancia de la transversalizaci\u00f3n de g\u00e9nero en\u2026Inclusi\u00f3n financiera en las \u00e1reas rurales y\u2026Seguridad ciudadana en Bolivia: Realidad y desaf\u00edosReducci\u00f3n de subsidios a los combustibles en\u2026 <a href=\"https:\/\/inesad.edu.bo\/dslm\/2022\/11\/desigualdad-de-genero-y-empoderamiento-de-las-mujeres-rurales\/\" title=\"Read more\" target=\"_blank\" rel=\"nofollow noopener noreferrer\" class=\"srr-read-more\">Leer m\u00e1s<\/a><\/p><\/div><\/div><\/div><div class=\"srr-item \"><div class=\"srr-item-in srr-clearfix\"><div class=\"srr-title\"><a href=\"https:\/\/inesad.edu.bo\/dslm\/2022\/09\/que-viva-la-fiesta-despues-curamos-el-chaqui\/\" target=\"_blank\" rel=\"nofollow noopener noreferrer\" title=\"\u00a1Qu\u00e9 viva la fiesta! Despu\u00e9s curamos el chaqui\">\u00a1Qu\u00e9 viva la fiesta! Despu\u00e9s curamos el chaqui<\/a><\/div><div class=\"srr-meta\"><time class=\"srr-date\" title=\"30 September 2022, 3:09 am UTC\">30 September 2022<\/time><\/div><div class=\"srr-summary srr-clearfix\"><p>Por: Carlos Gustavo Machicado Ph.D.* Un resultado frecuente en casi todos los modelos macroecon\u00f3micos intertemporales, y fundamentalmente en la teor\u00eda del consumo sin incertidumbre, es la \u201csuavizaci\u00f3n\u201d del mismo a lo largo de la vida. Esto significa que los individuos tratan de mantener una trayectoria de consumo relativamente constante, escogiendo un nivel de consumo que \u2026Posts RelacionadosInclusi\u00f3n financiera en las \u00e1reas rurales y\u2026Javier Milei, el economista\u00bfQui\u00e9n hace qu\u00e9 y a qu\u00e9 accede? Organizaci\u00f3n laboral\u2026GLP al l\u00edmite: producci\u00f3n en ca\u00edda y urgencia de\u2026Seguridad ciudadana en Bolivia: Realidad y desaf\u00edos <a href=\"https:\/\/inesad.edu.bo\/dslm\/2022\/09\/que-viva-la-fiesta-despues-curamos-el-chaqui\/\" title=\"Read more\" target=\"_blank\" rel=\"nofollow noopener noreferrer\" class=\"srr-read-more\">Leer m\u00e1s<\/a><\/p><\/div><\/div><\/div><div class=\"srr-item srr-stripe\"><div class=\"srr-item-in srr-clearfix\"><div class=\"srr-title\"><a href=\"https:\/\/inesad.edu.bo\/dslm\/2022\/08\/mujeres-rurales-en-el-sector-de-la-quinua-cambios-logros-y-desafios\/\" target=\"_blank\" rel=\"nofollow noopener noreferrer\" title=\"Mujeres rurales en el sector de la quinua: cambios, logros y desaf\u00edos\">Mujeres rurales en el sector de la quinua: cambios, logros y desaf\u00edos<\/a><\/div><div class=\"srr-meta\"><time class=\"srr-date\" title=\"29 August 2022, 10:26 pm UTC\">29 August 2022<\/time><\/div><div class=\"srr-summary srr-clearfix\"><p>Por: Daniela Romero* La agricultura es la fuente de empleo m\u00e1s importante para hombres y mujeres en las regiones m\u00e1s pobres del mundo, m\u00e1s a\u00fan cuando se trata de una agricultura a peque\u00f1a escala (FIDA 2011: 9, 16). El papel de las mujeres en \u00e9sta es de vital importancia, puesto que son las principales responsables \u2026Posts Relacionados\u00bfQui\u00e9n hace qu\u00e9 y a qu\u00e9 accede? Organizaci\u00f3n laboral\u2026Inclusi\u00f3n financiera en las \u00e1reas rurales y\u2026La importancia de la transversalizaci\u00f3n de g\u00e9nero en\u2026Bono Juancito Pinto \u00bfBeneficia a los ni\u00f1os, ni\u00f1as y\u2026Banca y sostenibilidad: el papel clave de los\u2026 <a href=\"https:\/\/inesad.edu.bo\/dslm\/2022\/08\/mujeres-rurales-en-el-sector-de-la-quinua-cambios-logros-y-desafios\/\" title=\"Read more\" target=\"_blank\" rel=\"nofollow noopener noreferrer\" class=\"srr-read-more\">Leer m\u00e1s<\/a><\/p><\/div><\/div><\/div><div class=\"srr-item \"><div class=\"srr-item-in srr-clearfix\"><div class=\"srr-title\"><a href=\"https:\/\/inesad.edu.bo\/dslm\/2022\/06\/en-que-medida-el-sus-aumento-el-acceso-a-los-servicios-de-salud-en-bolivia\/\" target=\"_blank\" rel=\"nofollow noopener noreferrer\" title=\"\u00bfEn qu\u00e9 medida el SUS aument\u00f3 el acceso a los servicios de salud en Bolivia?\">\u00bfEn qu\u00e9 medida el SUS aument\u00f3 el acceso a los servicios de salud en Bolivia?<\/a><\/div><div class=\"srr-meta\"><time class=\"srr-date\" title=\"9 June 2022, 5:25 pm UTC\">9 June 2022<\/time><\/div><div class=\"srr-summary srr-clearfix\"><p>Por:\u00a0Gabriela Alondra Agafitei* En el a\u00f1o 2019, el Estado Plurinacional de Bolivia implement\u00f3 el Sistema \u00danico de Salud (SUS), con el objetivo de otorgar el seguro p\u00fablico de salud a m\u00e1s de cinco millones de bolivianos que no cuentan con cobertura del servicio. El primer resultado de la medida fue un incremento de los afiliados \u2026Posts RelacionadosLa importancia de la transversalizaci\u00f3n de g\u00e9nero en\u2026Bono Juancito Pinto \u00bfBeneficia a los ni\u00f1os, ni\u00f1as y\u2026Inclusi\u00f3n financiera en las \u00e1reas rurales y\u2026Seguridad Ciudadana: \u00bfResponsabilidad de todos?\u00bfQui\u00e9n hace qu\u00e9 y a qu\u00e9 accede? Organizaci\u00f3n laboral\u2026 <a href=\"https:\/\/inesad.edu.bo\/dslm\/2022\/06\/en-que-medida-el-sus-aumento-el-acceso-a-los-servicios-de-salud-en-bolivia\/\" title=\"Read more\" target=\"_blank\" rel=\"nofollow noopener noreferrer\" class=\"srr-read-more\">Leer m\u00e1s<\/a><\/p><\/div><\/div><\/div><\/div><\/div><\/div><\/div><!-- End - Super RSS Reader --><\/li><\/ul><\/div><!-- widgets_on_page -->\n","protected":false},"excerpt":{"rendered":"Gender inequality and empowerment of rural women11 March 2024By: Daniela Romero* Gender inequalities are the result of the historical persistence of systems and of structural discrimination and exclusion factors. In the specific case of women, exclusion is a multi-dimensional issue which leads to precarious situations for women in the conditions and their actions in economic, &hellip;","protected":false},"author":10,"featured_media":0,"parent":12908,"menu_order":0,"comment_status":"closed","ping_status":"closed","template":"","meta":{"_acf_changed":false,"advanced_seo_description":"","jetpack_seo_html_title":"","jetpack_seo_noindex":false,"jetpack_post_was_ever_published":false,"footnotes":""},"class_list":["post-17000","page","type-page","status-publish",""],"acf":[],"jetpack_sharing_enabled":true,"jetpack_shortlink":"https:\/\/wp.me\/P9wqBX-4qc","_links":{"self":[{"href":"https:\/\/www.inesad.edu.bo\/en\/wp-json\/wp\/v2\/pages\/17000","targetHints":{"allow":["GET"]}}],"collection":[{"href":"https:\/\/www.inesad.edu.bo\/en\/wp-json\/wp\/v2\/pages"}],"about":[{"href":"https:\/\/www.inesad.edu.bo\/en\/wp-json\/wp\/v2\/types\/page"}],"author":[{"embeddable":true,"href":"https:\/\/www.inesad.edu.bo\/en\/wp-json\/wp\/v2\/users\/10"}],"replies":[{"embeddable":true,"href":"https:\/\/www.inesad.edu.bo\/en\/wp-json\/wp\/v2\/comments?post=17000"}],"version-history":[{"count":1,"href":"https:\/\/www.inesad.edu.bo\/en\/wp-json\/wp\/v2\/pages\/17000\/revisions"}],"predecessor-version":[{"id":17002,"href":"https:\/\/www.inesad.edu.bo\/en\/wp-json\/wp\/v2\/pages\/17000\/revisions\/17002"}],"up":[{"embeddable":true,"href":"https:\/\/www.inesad.edu.bo\/en\/wp-json\/wp\/v2\/pages\/12908"}],"wp:attachment":[{"href":"https:\/\/www.inesad.edu.bo\/en\/wp-json\/wp\/v2\/media?parent=17000"}],"curies":[{"name":"wp","href":"https:\/\/api.w.org\/{rel}","templated":true}]}}